{"id":10794,"date":"2024-07-15T23:18:58","date_gmt":"2024-07-15T22:18:58","guid":{"rendered":"https:\/\/kine-sport-brussels.be\/personal-training\/"},"modified":"2026-03-22T08:05:12","modified_gmt":"2026-03-22T07:05:12","slug":"personal-training","status":"publish","type":"page","link":"https:\/\/kine-sport-brussels.be\/en\/personal-training\/","title":{"rendered":"Personal training"},"content":{"rendered":"\t\t<div data-elementor-type=\"wp-page\" data-elementor-id=\"10794\" class=\"elementor elementor-10794 elementor-10543\" data-elementor-post-type=\"page\">\n\t\t\t\t\t\t<section class=\"elementor-section elementor-top-section elementor-element elementor-element-ad4ef2b elementor-section-full_width elementor-section-height-min-height elementor-section-height-default elementor-section-items-middle wpr-particle-no wpr-jarallax-no wpr-parallax-no wpr-sticky-section-no\" data-id=\"ad4ef2b\" data-element_type=\"section\" data-e-type=\"section\" data-settings=\"{&quot;background_background&quot;:&quot;classic&quot;}\">\n\t\t\t\t\t\t\t<div class=\"elementor-background-overlay\"><\/div>\n\t\t\t\t\t\t\t<div class=\"elementor-container elementor-column-gap-no\">\n\t\t\t\t\t<div class=\"elementor-column elementor-col-100 elementor-top-column elementor-element elementor-element-d7e0791\" data-id=\"d7e0791\" data-element_type=\"column\" data-e-type=\"column\">\n\t\t\t<div class=\"elementor-widget-wrap elementor-element-populated\">\n\t\t\t\t\t\t<div class=\"elementor-element elementor-element-97695dd elementor-widget elementor-widget-heading\" data-id=\"97695dd\" data-element_type=\"widget\" data-e-type=\"widget\" data-widget_type=\"heading.default\">\n\t\t\t\t<div class=\"elementor-widget-container\">\n\t\t\t\t\t<h1 class=\"elementor-heading-title elementor-size-default\">By your side for every effort<\/h1>\t\t\t\t<\/div>\n\t\t\t\t<\/div>\n\t\t\t\t\t<\/div>\n\t\t<\/div>\n\t\t\t\t\t<\/div>\n\t\t<\/section>\n\t\t\t\t<section class=\"elementor-section elementor-top-section elementor-element elementor-element-0eb6722 elementor-section-boxed elementor-section-height-default elementor-section-height-default wpr-particle-no wpr-jarallax-no wpr-parallax-no wpr-sticky-section-no\" data-id=\"0eb6722\" data-element_type=\"section\" data-e-type=\"section\">\n\t\t\t\t\t\t<div class=\"elementor-container elementor-column-gap-default\">\n\t\t\t\t\t<div class=\"elementor-column elementor-col-50 elementor-top-column elementor-element elementor-element-1d0ed55\" data-id=\"1d0ed55\" data-element_type=\"column\" data-e-type=\"column\">\n\t\t\t<div class=\"elementor-widget-wrap elementor-element-populated\">\n\t\t\t\t\t\t<div class=\"elementor-element elementor-element-6638b2e elementor-widget elementor-widget-heading\" data-id=\"6638b2e\" data-element_type=\"widget\" data-e-type=\"widget\" data-widget_type=\"heading.default\">\n\t\t\t\t<div class=\"elementor-widget-container\">\n\t\t\t\t\t<h3 class=\"elementor-heading-title elementor-size-default\">Personal training<\/h3>\t\t\t\t<\/div>\n\t\t\t\t<\/div>\n\t\t\t\t<div class=\"elementor-element elementor-element-3c36ce8 elementor-widget elementor-widget-text-editor\" data-id=\"3c36ce8\" data-element_type=\"widget\" data-e-type=\"widget\" data-widget_type=\"text-editor.default\">\n\t\t\t\t<div class=\"elementor-widget-container\">\n\t\t\t\t\t\t\t\t\t<p>Sports coaching is essential for achieving your fitness and wellness goals. Through personalized programs, our sports coaches guide and motivate you at every step of your journey. Using proven methods, we help you maximize your performance while minimizing the risk of injury.<\/p>\n<p>Our approach is centered on your needs and abilities. Each session is tailored to improve your strength, endurance, and flexibility. Our coaches are trained to provide you with rigorous monitoring and adapted advice, allowing you to progress safely.<\/p>\n<p>Sports coaching helps you stay motivated and disciplined. With professional support, you can turn challenges into opportunities and achieve lasting results. Whether you want to get back in shape, gain muscle, or prepare for your season, we are here to support you in your endeavor.<\/p>\n\t\t\t\t\t\t\t\t<\/div>\n\t\t\t\t<\/div>\n\t\t\t\t\t<\/div>\n\t\t<\/div>\n\t\t\t\t<div class=\"elementor-column elementor-col-50 elementor-top-column elementor-element elementor-element-d8bcdb0\" data-id=\"d8bcdb0\" data-element_type=\"column\" data-e-type=\"column\">\n\t\t\t<div class=\"elementor-widget-wrap elementor-element-populated\">\n\t\t\t\t\t\t<div class=\"elementor-element elementor-element-ce245c5 wpr-promo-box-style-cover elementor-widget elementor-widget-wpr-promo-box\" data-id=\"ce245c5\" data-element_type=\"widget\" data-e-type=\"widget\" data-widget_type=\"wpr-promo-box.default\">\n\t\t\t\t<div class=\"elementor-widget-container\">\n\t\t\t\t\t\n\t\t<div class=\"wpr-promo-box wpr-animation-wrap\">\n\n\t\t\t\t\t\t\t\n\t\t\t\t\t\t\t<div class=\"wpr-promo-box-image\">\n\t\t\t\t\t<div class=\"wpr-promo-box-bg-image wpr-bg-anim-zoom-in wpr-anim-timing-ease-default\" style=\"background-image:url(https:\/\/kine-sport-brussels.be\/wp-content\/uploads\/2024\/07\/pexels-pixabay-416778-scaled.jpeg);\"><\/div>\n\t\t\t\t\t<div class=\"wpr-promo-box-bg-overlay wpr-border-anim-oscar\"><\/div>\n\t\t\t\t<\/div>\n\t\t\t\t\t\t\n\t\t\t<div class=\"wpr-promo-box-content\">\n\n\t\t\t\t\t\t\t\t<div class=\"wpr-promo-box-icon\">\n\t\t\t\t\t\t\t\t\t<\/div>\n\t\t\t\t\n\t\t\t\t\n\t\t\t\t\n\t\t\t\t\t\t\t\t\t<div class=\"wpr-promo-box-btn-wrap\">\n\t\t\t\t\t\t<a class=\"wpr-promo-box-btn\" href=\"https:\/\/bookings.crossuite.app\/b1a807ff-461d-4430-866a-274c64385fc4\/step2\">\n\n\t\t\t\t\t\t\t\t\t\t\t\t\t\t<span class=\"wpr-promo-box-btn-text\">Make an appointment<\/span>\t\t\n\t\t\t\t\t\t\t\n\t\t\t\t\t\t\t\t\t\t\t\t\t<\/a>\n\t\t\t\t\t<\/div>\t\n\t\t\t\t\t\t\t<\/div>\n\n\t\t\t\t\t<\/div>\n\n\t\t\t\t\t\t<\/div>\n\t\t\t\t<\/div>\n\t\t\t\t\t<\/div>\n\t\t<\/div>\n\t\t\t\t\t<\/div>\n\t\t<\/section>\n\t\t\t\t<\/div>\n\t\t","protected":false},"excerpt":{"rendered":"<p>By your side for every effort Personal training Sports coaching is essential for achieving your fitness and wellness goals. Through personalized programs, our sports coaches guide and motivate you at every step of your journey. Using proven methods, we help you maximize your performance while minimizing the risk of injury. Our approach is centered on your needs and abilities. Each session is tailored to improve your strength, endurance, and flexibility. Our coaches are trained to provide you with rigorous monitoring and adapted advice, allowing you to progress safely. Sports coaching helps you stay motivated and disciplined. With professional support, you can turn challenges into opportunities and achieve lasting results. Whether you want to get back in shape, gain muscle, or prepare for your season, we are here to support you in your endeavor. Make an appointment<\/p>\n","protected":false},"author":1,"featured_media":0,"parent":0,"menu_order":0,"comment_status":"closed","ping_status":"closed","template":"","meta":{"_monsterinsights_skip_tracking":false,"_monsterinsights_sitenote_active":false,"_monsterinsights_sitenote_note":"","_monsterinsights_sitenote_category":0,"site-sidebar-layout":"no-sidebar","site-content-layout":"page-builder","ast-site-content-layout":"full-width-container","site-content-style":"default","site-sidebar-style":"default","ast-global-header-display":"","ast-banner-title-visibility":"","ast-main-header-display":"","ast-hfb-above-header-display":"","ast-hfb-below-header-display":"","ast-hfb-mobile-header-display":"","site-post-title":"disabled","ast-breadcrumbs-content":"","ast-featured-img":"disabled","footer-sml-layout":"","ast-disable-related-posts":"","theme-transparent-header-meta":"","adv-header-id-meta":"","stick-header-meta":"","header-above-stick-meta":"","header-main-stick-meta":"","header-below-stick-meta":"","astra-migrate-meta-layouts":"default","ast-page-background-enabled":"default","ast-page-background-meta":{"desktop":{"background-color":"var(--ast-global-color-4)","background-image":"","background-repeat":"repeat","background-position":"center center","background-size":"auto","background-attachment":"scroll","background-type":"","background-media":"","overlay-type":"","overlay-color":"","overlay-opacity":"","overlay-gradient":""},"tablet":{"background-color":"","background-image":"","background-repeat":"repeat","background-position":"center center","background-size":"auto","background-attachment":"scroll","background-type":"","background-media":"","overlay-type":"","overlay-color":"","overlay-opacity":"","overlay-gradient":""},"mobile":{"background-color":"","background-image":"","background-repeat":"repeat","background-position":"center center","background-size":"auto","background-attachment":"scroll","background-type":"","background-media":"","overlay-type":"","overlay-color":"","overlay-opacity":"","overlay-gradient":""}},"ast-content-background-meta":{"desktop":{"background-color":"var(--ast-global-color-5)","background-image":"","background-repeat":"repeat","background-position":"center center","background-size":"auto","background-attachment":"scroll","background-type":"","background-media":"","overlay-type":"","overlay-color":"","overlay-opacity":"","overlay-gradient":""},"tablet":{"background-color":"var(--ast-global-color-5)","background-image":"","background-repeat":"repeat","background-position":"center center","background-size":"auto","background-attachment":"scroll","background-type":"","background-media":"","overlay-type":"","overlay-color":"","overlay-opacity":"","overlay-gradient":""},"mobile":{"background-color":"var(--ast-global-color-5)","background-image":"","background-repeat":"repeat","background-position":"center center","background-size":"auto","background-attachment":"scroll","background-type":"","background-media":"","overlay-type":"","overlay-color":"","overlay-opacity":"","overlay-gradient":""}},"footnotes":""},"class_list":["post-10794","page","type-page","status-publish","hentry"],"yoast_head":"<!-- This site is optimized with the Yoast SEO plugin v27.3 - https:\/\/yoast.com\/product\/yoast-seo-wordpress\/ -->\n<title>Personal training - Kin\u00e9sith\u00e9rapeute Sportif | Coach Sportif | Woluwe<\/title>\n<meta name=\"description\" content=\"By your side for every effort Personal training Sports coaching is essential for achieving your fitness and wellness goals. Through personalized programs,\" \/>\n<meta name=\"robots\" content=\"index, follow, max-snippet:-1, max-image-preview:large, max-video-preview:-1\" \/>\n<link rel=\"canonical\" href=\"https:\/\/kine-sport-brussels.be\/coaching-sportif\/\" \/>\n<meta property=\"og:locale\" content=\"en_US\" \/>\n<meta property=\"og:type\" content=\"article\" \/>\n<meta property=\"og:title\" content=\"Personal training - Kin\u00e9sith\u00e9rapeute Sportif | Coach Sportif | Woluwe\" \/>\n<meta property=\"og:description\" content=\"By your side for every effort Personal training Sports coaching is essential for achieving your fitness and wellness goals. Through personalized programs,\" \/>\n<meta property=\"og:url\" content=\"https:\/\/kine-sport-brussels.be\/coaching-sportif\/\" \/>\n<meta property=\"og:site_name\" content=\"Kin\u00e9sith\u00e9rapeute Sportif | Coach Sportif | Woluwe\" \/>\n<meta property=\"article:publisher\" content=\"https:\/\/www.facebook.com\/KineSportBrussels\/\" \/>\n<meta property=\"article:modified_time\" content=\"2026-03-22T07:05:12+00:00\" \/>\n<meta property=\"og:image\" content=\"https:\/\/kine-sport-brussels.be\/wp-content\/uploads\/2019\/05\/logo-kin\u00e9-sport-brussels-2.png\" \/>\n\t<meta property=\"og:image:width\" content=\"1571\" \/>\n\t<meta property=\"og:image:height\" content=\"671\" \/>\n\t<meta property=\"og:image:type\" content=\"image\/png\" \/>\n<meta name=\"twitter:card\" content=\"summary_large_image\" \/>\n<meta name=\"twitter:label1\" content=\"Est. reading time\" \/>\n\t<meta name=\"twitter:data1\" content=\"1 minute\" \/>\n<script type=\"application\/ld+json\" class=\"yoast-schema-graph\">{\"@context\":\"https:\\\/\\\/schema.org\",\"@graph\":[{\"@type\":\"WebPage\",\"@id\":\"https:\\\/\\\/kine-sport-brussels.be\\\/coaching-sportif\\\/\",\"url\":\"https:\\\/\\\/kine-sport-brussels.be\\\/coaching-sportif\\\/\",\"name\":\"Personal training - Kin\u00e9sith\u00e9rapeute Sportif | Coach Sportif | Woluwe\",\"isPartOf\":{\"@id\":\"https:\\\/\\\/kine-sport-brussels.be\\\/#website\"},\"datePublished\":\"2024-07-15T22:18:58+00:00\",\"dateModified\":\"2026-03-22T07:05:12+00:00\",\"description\":\"By your side for every effort Personal training Sports coaching is essential for achieving your fitness and wellness goals. Through personalized programs,\",\"breadcrumb\":{\"@id\":\"https:\\\/\\\/kine-sport-brussels.be\\\/coaching-sportif\\\/#breadcrumb\"},\"inLanguage\":\"en-US\",\"potentialAction\":[{\"@type\":\"ReadAction\",\"target\":[\"https:\\\/\\\/kine-sport-brussels.be\\\/coaching-sportif\\\/\"]}]},{\"@type\":\"BreadcrumbList\",\"@id\":\"https:\\\/\\\/kine-sport-brussels.be\\\/coaching-sportif\\\/#breadcrumb\",\"itemListElement\":[{\"@type\":\"ListItem\",\"position\":1,\"name\":\"Accueil\",\"item\":\"https:\\\/\\\/kine-sport-brussels.be\\\/\"},{\"@type\":\"ListItem\",\"position\":2,\"name\":\"Personal training\"}]},{\"@type\":\"WebSite\",\"@id\":\"https:\\\/\\\/kine-sport-brussels.be\\\/#website\",\"url\":\"https:\\\/\\\/kine-sport-brussels.be\\\/\",\"name\":\"Kin\u00e9sith\u00e9rapeute Sportif | Coach Sportif | Woluwe\",\"description\":\"Chaque blessure est vue comme une chance de s&#039;am\u00e9liorer. Hernie discale, lumbago, ligament crois\u00e9 ...\",\"publisher\":{\"@id\":\"https:\\\/\\\/kine-sport-brussels.be\\\/#organization\"},\"potentialAction\":[{\"@type\":\"SearchAction\",\"target\":{\"@type\":\"EntryPoint\",\"urlTemplate\":\"https:\\\/\\\/kine-sport-brussels.be\\\/?s={search_term_string}\"},\"query-input\":{\"@type\":\"PropertyValueSpecification\",\"valueRequired\":true,\"valueName\":\"search_term_string\"}}],\"inLanguage\":\"en-US\"},{\"@type\":\"Organization\",\"@id\":\"https:\\\/\\\/kine-sport-brussels.be\\\/#organization\",\"name\":\"Kine Sport Brussels\",\"url\":\"https:\\\/\\\/kine-sport-brussels.be\\\/\",\"logo\":{\"@type\":\"ImageObject\",\"inLanguage\":\"en-US\",\"@id\":\"https:\\\/\\\/kine-sport-brussels.be\\\/#\\\/schema\\\/logo\\\/image\\\/\",\"url\":\"https:\\\/\\\/kine-sport-brussels.be\\\/wp-content\\\/uploads\\\/2023\\\/04\\\/cropped-cropped-Logo-cercle-1.png\",\"contentUrl\":\"https:\\\/\\\/kine-sport-brussels.be\\\/wp-content\\\/uploads\\\/2023\\\/04\\\/cropped-cropped-Logo-cercle-1.png\",\"width\":250,\"height\":250,\"caption\":\"Kine Sport Brussels\"},\"image\":{\"@id\":\"https:\\\/\\\/kine-sport-brussels.be\\\/#\\\/schema\\\/logo\\\/image\\\/\"},\"sameAs\":[\"https:\\\/\\\/www.facebook.com\\\/KineSportBrussels\\\/\",\"http:\\\/\\\/www.instagram.com\\\/kinesportbrussels\"]}]}<\/script>\n<!-- \/ Yoast SEO plugin. -->","yoast_head_json":{"title":"Personal training - Kin\u00e9sith\u00e9rapeute Sportif | Coach Sportif | Woluwe","description":"By your side for every effort Personal training Sports coaching is essential for achieving your fitness and wellness goals. Through personalized programs,","robots":{"index":"index","follow":"follow","max-snippet":"max-snippet:-1","max-image-preview":"max-image-preview:large","max-video-preview":"max-video-preview:-1"},"canonical":"https:\/\/kine-sport-brussels.be\/coaching-sportif\/","og_locale":"en_US","og_type":"article","og_title":"Personal training - Kin\u00e9sith\u00e9rapeute Sportif | Coach Sportif | Woluwe","og_description":"By your side for every effort Personal training Sports coaching is essential for achieving your fitness and wellness goals. Through personalized programs,","og_url":"https:\/\/kine-sport-brussels.be\/coaching-sportif\/","og_site_name":"Kin\u00e9sith\u00e9rapeute Sportif | Coach Sportif | Woluwe","article_publisher":"https:\/\/www.facebook.com\/KineSportBrussels\/","article_modified_time":"2026-03-22T07:05:12+00:00","og_image":[{"width":1571,"height":671,"url":"https:\/\/kine-sport-brussels.be\/wp-content\/uploads\/2019\/05\/logo-kin\u00e9-sport-brussels-2.png","type":"image\/png"}],"twitter_card":"summary_large_image","twitter_misc":{"Est. reading time":"1 minute"},"schema":{"@context":"https:\/\/schema.org","@graph":[{"@type":"WebPage","@id":"https:\/\/kine-sport-brussels.be\/coaching-sportif\/","url":"https:\/\/kine-sport-brussels.be\/coaching-sportif\/","name":"Personal training - Kin\u00e9sith\u00e9rapeute Sportif | Coach Sportif | Woluwe","isPartOf":{"@id":"https:\/\/kine-sport-brussels.be\/#website"},"datePublished":"2024-07-15T22:18:58+00:00","dateModified":"2026-03-22T07:05:12+00:00","description":"By your side for every effort Personal training Sports coaching is essential for achieving your fitness and wellness goals. Through personalized programs,","breadcrumb":{"@id":"https:\/\/kine-sport-brussels.be\/coaching-sportif\/#breadcrumb"},"inLanguage":"en-US","potentialAction":[{"@type":"ReadAction","target":["https:\/\/kine-sport-brussels.be\/coaching-sportif\/"]}]},{"@type":"BreadcrumbList","@id":"https:\/\/kine-sport-brussels.be\/coaching-sportif\/#breadcrumb","itemListElement":[{"@type":"ListItem","position":1,"name":"Accueil","item":"https:\/\/kine-sport-brussels.be\/"},{"@type":"ListItem","position":2,"name":"Personal training"}]},{"@type":"WebSite","@id":"https:\/\/kine-sport-brussels.be\/#website","url":"https:\/\/kine-sport-brussels.be\/","name":"Kin\u00e9sith\u00e9rapeute Sportif | Coach Sportif | Woluwe","description":"Chaque blessure est vue comme une chance de s&#039;am\u00e9liorer. Hernie discale, lumbago, ligament crois\u00e9 ...","publisher":{"@id":"https:\/\/kine-sport-brussels.be\/#organization"},"potentialAction":[{"@type":"SearchAction","target":{"@type":"EntryPoint","urlTemplate":"https:\/\/kine-sport-brussels.be\/?s={search_term_string}"},"query-input":{"@type":"PropertyValueSpecification","valueRequired":true,"valueName":"search_term_string"}}],"inLanguage":"en-US"},{"@type":"Organization","@id":"https:\/\/kine-sport-brussels.be\/#organization","name":"Kine Sport Brussels","url":"https:\/\/kine-sport-brussels.be\/","logo":{"@type":"ImageObject","inLanguage":"en-US","@id":"https:\/\/kine-sport-brussels.be\/#\/schema\/logo\/image\/","url":"https:\/\/kine-sport-brussels.be\/wp-content\/uploads\/2023\/04\/cropped-cropped-Logo-cercle-1.png","contentUrl":"https:\/\/kine-sport-brussels.be\/wp-content\/uploads\/2023\/04\/cropped-cropped-Logo-cercle-1.png","width":250,"height":250,"caption":"Kine Sport Brussels"},"image":{"@id":"https:\/\/kine-sport-brussels.be\/#\/schema\/logo\/image\/"},"sameAs":["https:\/\/www.facebook.com\/KineSportBrussels\/","http:\/\/www.instagram.com\/kinesportbrussels"]}]}},"_links":{"self":[{"href":"https:\/\/kine-sport-brussels.be\/en\/wp-json\/wp\/v2\/pages\/10794","targetHints":{"allow":["GET"]}}],"collection":[{"href":"https:\/\/kine-sport-brussels.be\/en\/wp-json\/wp\/v2\/pages"}],"about":[{"href":"https:\/\/kine-sport-brussels.be\/en\/wp-json\/wp\/v2\/types\/page"}],"author":[{"embeddable":true,"href":"https:\/\/kine-sport-brussels.be\/en\/wp-json\/wp\/v2\/users\/1"}],"replies":[{"embeddable":true,"href":"https:\/\/kine-sport-brussels.be\/en\/wp-json\/wp\/v2\/comments?post=10794"}],"version-history":[{"count":4,"href":"https:\/\/kine-sport-brussels.be\/en\/wp-json\/wp\/v2\/pages\/10794\/revisions"}],"predecessor-version":[{"id":11478,"href":"https:\/\/kine-sport-brussels.be\/en\/wp-json\/wp\/v2\/pages\/10794\/revisions\/11478"}],"wp:attachment":[{"href":"https:\/\/kine-sport-brussels.be\/en\/wp-json\/wp\/v2\/media?parent=10794"}],"curies":[{"name":"wp","href":"https:\/\/api.w.org\/{rel}","templated":true}]}}