{"id":10798,"date":"2024-07-15T23:28:17","date_gmt":"2024-07-15T22:28:17","guid":{"rendered":"https:\/\/kine-sport-brussels.be\/contact\/"},"modified":"2025-12-04T10:37:13","modified_gmt":"2025-12-04T09:37:13","slug":"contact","status":"publish","type":"page","link":"https:\/\/kine-sport-brussels.be\/en\/contact\/","title":{"rendered":"Contact"},"content":{"rendered":"\t\t<div data-elementor-type=\"wp-page\" data-elementor-id=\"10798\" class=\"elementor elementor-10798 elementor-10439\" data-elementor-post-type=\"page\">\n\t\t\t\t\t\t<section class=\"elementor-section elementor-top-section elementor-element elementor-element-c0b6f76 elementor-section-full_width elementor-section-height-min-height elementor-section-height-default elementor-section-items-middle wpr-particle-no wpr-jarallax-no wpr-parallax-no wpr-sticky-section-no\" data-id=\"c0b6f76\" data-element_type=\"section\" data-e-type=\"section\" data-settings=\"{&quot;background_background&quot;:&quot;classic&quot;}\">\n\t\t\t\t\t\t\t<div class=\"elementor-background-overlay\"><\/div>\n\t\t\t\t\t\t\t<div class=\"elementor-container elementor-column-gap-no\">\n\t\t\t\t\t<div class=\"elementor-column elementor-col-100 elementor-top-column elementor-element elementor-element-b3452b3\" data-id=\"b3452b3\" data-element_type=\"column\" data-e-type=\"column\">\n\t\t\t<div class=\"elementor-widget-wrap\">\n\t\t\t\t\t\t\t<\/div>\n\t\t<\/div>\n\t\t\t\t\t<\/div>\n\t\t<\/section>\n\t\t\t\t<section class=\"elementor-section elementor-top-section elementor-element elementor-element-26d6a563 elementor-section-boxed elementor-section-height-default elementor-section-height-default wpr-particle-no wpr-jarallax-no wpr-parallax-no wpr-sticky-section-no\" data-id=\"26d6a563\" data-element_type=\"section\" data-e-type=\"section\">\n\t\t\t\t\t\t\t<div class=\"elementor-background-overlay\"><\/div>\n\t\t\t\t\t\t\t<div class=\"elementor-container elementor-column-gap-default\">\n\t\t\t\t\t<div class=\"elementor-column elementor-col-100 elementor-top-column elementor-element elementor-element-4208744c\" data-id=\"4208744c\" data-element_type=\"column\" data-e-type=\"column\">\n\t\t\t<div class=\"elementor-widget-wrap elementor-element-populated\">\n\t\t\t\t\t\t<div class=\"elementor-element elementor-element-4d4f8a80 elementor-widget elementor-widget-heading\" data-id=\"4d4f8a80\" data-element_type=\"widget\" data-e-type=\"widget\" data-widget_type=\"heading.default\">\n\t\t\t\t<div class=\"elementor-widget-container\">\n\t\t\t\t\t<h3 class=\"elementor-heading-title elementor-size-default\">Make an appointment<\/h3>\t\t\t\t<\/div>\n\t\t\t\t<\/div>\n\t\t\t\t<section class=\"elementor-section elementor-inner-section elementor-element elementor-element-33162d97 elementor-section-boxed elementor-section-height-default elementor-section-height-default wpr-particle-no wpr-jarallax-no wpr-parallax-no wpr-sticky-section-no\" data-id=\"33162d97\" data-element_type=\"section\" data-e-type=\"section\">\n\t\t\t\t\t\t<div class=\"elementor-container elementor-column-gap-wider\">\n\t\t\t\t\t<div class=\"elementor-column elementor-col-50 elementor-inner-column elementor-element elementor-element-55017dc9 elementor-invisible\" data-id=\"55017dc9\" data-element_type=\"column\" data-e-type=\"column\" data-settings=\"{&quot;animation&quot;:&quot;fadeIn&quot;}\">\n\t\t\t<div class=\"elementor-widget-wrap elementor-element-populated\">\n\t\t\t\t\t\t<div class=\"elementor-element elementor-element-0623e7c elementor-widget elementor-widget-text-editor\" data-id=\"0623e7c\" data-element_type=\"widget\" data-e-type=\"widget\" data-widget_type=\"text-editor.default\">\n\t\t\t\t<div class=\"elementor-widget-container\">\n\t\t\t\t\t\t\t\t\t<p>Sports physiotherapist<\/p>\n\t\t\t\t\t\t\t\t<\/div>\n\t\t\t\t<\/div>\n\t\t\t\t<div class=\"elementor-element elementor-element-8c3bfd4 elementor-widget elementor-widget-text-editor\" data-id=\"8c3bfd4\" data-element_type=\"widget\" data-e-type=\"widget\" data-widget_type=\"text-editor.default\">\n\t\t\t\t<div class=\"elementor-widget-container\">\n\t\t\t\t\t\t\t\t\t<p>Our team of physiotherapists is available to help you every day of the week from 8 AM to 7 PM and on Saturdays from 8 AM to 1 PM. Our practice is located at Avenue Marcel Thiry number 180 in Woluwe-Saint-Lambert. The easiest way is to <b>make an appointment online<\/b> via the link below.&nbsp;<\/p><br><p>If you prefer to make an appointment by phone, we can be reached at <b>0493 44 00 33<\/b><\/p><br><p>If you have more questions, you can also contact us by email at <b>info@kine-sport-brussels.be<\/b><\/p>\t\t\t\t\t\t\t\t<\/div>\n\t\t\t\t<\/div>\n\t\t\t\t<div class=\"elementor-element elementor-element-6d96c7e wpr-button-icon-style-inline wpr-button-icon-position-right elementor-widget elementor-widget-wpr-button\" data-id=\"6d96c7e\" data-element_type=\"widget\" data-e-type=\"widget\" data-widget_type=\"wpr-button.default\">\n\t\t\t\t<div class=\"elementor-widget-container\">\n\t\t\t\t\t\t\n\t\t\t\n\t\t\n\t\t<div class=\"wpr-button-wrap elementor-clearfix\">\n\t\t<a class=\"wpr-button wpr-button-effect wpr-button-none\" data-text=\"\" href=\"https:\/\/emtagenda.crossuite.com\/Kine-Sport-Brussels\/en_BE\/l\/n5r4v5z5j454r2c4b474\/\">\n\t\t\t\n\t\t\t<span class=\"wpr-button-content\">\n\t\t\t\t\t\t\t\t\t<span class=\"wpr-button-text\">Make an appointment<\/span>\n\t\t\t\t\t\t\t\t\n\t\t\t\t\t\t\t<\/span>\n\t\t<\/a>\n\n\t\t\t\t<\/div>\n\t\n\t\n\t\t\t\t\t<\/div>\n\t\t\t\t<\/div>\n\t\t\t\t<div class=\"elementor-element elementor-element-ec7e0bb elementor-widget elementor-widget-text-editor\" data-id=\"ec7e0bb\" data-element_type=\"widget\" data-e-type=\"widget\" data-widget_type=\"text-editor.default\">\n\t\t\t\t<div class=\"elementor-widget-container\">\n\t\t\t\t\t\t\t\t\t<p>Personal training<\/p>\n\t\t\t\t\t\t\t\t<\/div>\n\t\t\t\t<\/div>\n\t\t\t\t<div class=\"elementor-element elementor-element-4428715 elementor-widget elementor-widget-text-editor\" data-id=\"4428715\" data-element_type=\"widget\" data-e-type=\"widget\" data-widget_type=\"text-editor.default\">\n\t\t\t\t<div class=\"elementor-widget-container\">\n\t\t\t\t\t\t\t\t\t<p>For sports coaching, we recommend contacting us first by email to better address your request. Our email address is <b>info@kine-sport-brussels.be<\/b><\/p>\n\t\t\t\t\t\t\t\t<\/div>\n\t\t\t\t<\/div>\n\t\t\t\t\t<\/div>\n\t\t<\/div>\n\t\t\t\t<div class=\"elementor-column elementor-col-50 elementor-inner-column elementor-element elementor-element-3f999a1 elementor-invisible\" data-id=\"3f999a1\" data-element_type=\"column\" data-e-type=\"column\" data-settings=\"{&quot;animation&quot;:&quot;fadeIn&quot;}\">\n\t\t\t<div class=\"elementor-widget-wrap elementor-element-populated\">\n\t\t\t\t\t\t<div class=\"elementor-element elementor-element-7d99210 elementor-widget elementor-widget-text-editor\" data-id=\"7d99210\" data-element_type=\"widget\" data-e-type=\"widget\" data-widget_type=\"text-editor.default\">\n\t\t\t\t<div class=\"elementor-widget-container\">\n\t\t\t\t\t\t\t\t\t<p>Sports medicine<\/p>\n\t\t\t\t\t\t\t\t<\/div>\n\t\t\t\t<\/div>\n\t\t\t\t<div class=\"elementor-element elementor-element-bdc208b elementor-widget elementor-widget-text-editor\" data-id=\"bdc208b\" data-element_type=\"widget\" data-e-type=\"widget\" data-widget_type=\"text-editor.default\">\n\t\t\t\t<div class=\"elementor-widget-container\">\n\t\t\t\t\t\t\t\t\t<p>You can make an appointment with our doctor, Dr. Marie Hechtermans, via <b>doctoranytime<\/b> or through her personal secretary at <b>0491 07 15 92<\/b><\/p>\n\t\t\t\t\t\t\t\t<\/div>\n\t\t\t\t<\/div>\n\t\t\t\t<div class=\"elementor-element elementor-element-ed96669 wpr-button-icon-style-inline wpr-button-icon-position-right elementor-widget elementor-widget-wpr-button\" data-id=\"ed96669\" data-element_type=\"widget\" data-e-type=\"widget\" data-widget_type=\"wpr-button.default\">\n\t\t\t\t<div class=\"elementor-widget-container\">\n\t\t\t\t\t\t\n\t\t\t\n\t\t\n\t\t<div class=\"wpr-button-wrap elementor-clearfix\">\n\t\t<a class=\"wpr-button wpr-button-effect wpr-button-none\" data-text=\"\" href=\"https:\/\/www.doctoranytime.be\/d\/medecin-du-sport\/marie-hechtermans\">\n\t\t\t\n\t\t\t<span class=\"wpr-button-content\">\n\t\t\t\t\t\t\t\t\t<span class=\"wpr-button-text\">Make an appointment<\/span>\n\t\t\t\t\t\t\t\t\n\t\t\t\t\t\t\t<\/span>\n\t\t<\/a>\n\n\t\t\t\t<\/div>\n\t\n\t\n\t\t\t\t\t<\/div>\n\t\t\t\t<\/div>\n\t\t\t\t<div class=\"elementor-element elementor-element-8346107 elementor-widget elementor-widget-text-editor\" data-id=\"8346107\" data-element_type=\"widget\" data-e-type=\"widget\" data-widget_type=\"text-editor.default\">\n\t\t\t\t<div class=\"elementor-widget-container\">\n\t\t\t\t\t\t\t\t\t<p>Sports screening<\/p>\n\t\t\t\t\t\t\t\t<\/div>\n\t\t\t\t<\/div>\n\t\t\t\t<div class=\"elementor-element elementor-element-b7c33c1 elementor-widget elementor-widget-text-editor\" data-id=\"b7c33c1\" data-element_type=\"widget\" data-e-type=\"widget\" data-widget_type=\"text-editor.default\">\n\t\t\t\t<div class=\"elementor-widget-container\">\n\t\t\t\t\t\t\t\t\t<p>Allow 60 minutes for a screening session. Our experts Alexandre Del Barrio and Nicolas Guilmot will be happy to assist you. Appointments are made via email at <b>info@kine-sport-brussels.be<\/b><\/p>\n\t\t\t\t\t\t\t\t<\/div>\n\t\t\t\t<\/div>\n\t\t\t\t<div class=\"elementor-element elementor-element-487dc14 elementor-hidden-mobile elementor-widget elementor-widget-spacer\" data-id=\"487dc14\" data-element_type=\"widget\" data-e-type=\"widget\" data-widget_type=\"spacer.default\">\n\t\t\t\t<div class=\"elementor-widget-container\">\n\t\t\t\t\t\t\t<div class=\"elementor-spacer\">\n\t\t\t<div class=\"elementor-spacer-inner\"><\/div>\n\t\t<\/div>\n\t\t\t\t\t\t<\/div>\n\t\t\t\t<\/div>\n\t\t\t\t\t<\/div>\n\t\t<\/div>\n\t\t\t\t\t<\/div>\n\t\t<\/section>\n\t\t\t\t\t<\/div>\n\t\t<\/div>\n\t\t\t\t\t<\/div>\n\t\t<\/section>\n\t\t\t\t<section class=\"elementor-section elementor-top-section elementor-element elementor-element-5206d595 elementor-section-boxed elementor-section-height-default elementor-section-height-default wpr-particle-no wpr-jarallax-no wpr-parallax-no wpr-sticky-section-no\" data-id=\"5206d595\" data-element_type=\"section\" data-e-type=\"section\" data-settings=\"{&quot;background_background&quot;:&quot;classic&quot;}\">\n\t\t\t\t\t\t<div class=\"elementor-container elementor-column-gap-default\">\n\t\t\t\t\t<div class=\"elementor-column elementor-col-100 elementor-top-column elementor-element elementor-element-3fe1bfd1\" data-id=\"3fe1bfd1\" data-element_type=\"column\" data-e-type=\"column\">\n\t\t\t<div class=\"elementor-widget-wrap elementor-element-populated\">\n\t\t\t\t\t\t<div class=\"elementor-element elementor-element-730ac1a elementor-widget elementor-widget-google_maps\" data-id=\"730ac1a\" data-element_type=\"widget\" data-e-type=\"widget\" data-widget_type=\"google_maps.default\">\n\t\t\t\t<div class=\"elementor-widget-container\">\n\t\t\t\t\t\t\t<div class=\"elementor-custom-embed\">\n\t\t\t<iframe loading=\"lazy\"\n\t\t\t\t\tsrc=\"https:\/\/maps.google.com\/maps?q=kine%20sport%2C%20avenue%20marcel%20thiry%20180%20&#038;t=m&#038;z=13&#038;output=embed&#038;iwloc=near\"\n\t\t\t\t\ttitle=\"kine sport, avenue marcel thiry 180 \"\n\t\t\t\t\taria-label=\"kine sport, avenue marcel thiry 180 \"\n\t\t\t><\/iframe>\n\t\t<\/div>\n\t\t\t\t\t\t<\/div>\n\t\t\t\t<\/div>\n\t\t\t\t<div class=\"elementor-element elementor-element-457b412 elementor-widget elementor-widget-text-editor\" data-id=\"457b412\" data-element_type=\"widget\" data-e-type=\"widget\" data-widget_type=\"text-editor.default\">\n\t\t\t\t<div class=\"elementor-widget-container\">\n\t\t\t\t\t\t\t\t\t<p>Contact us<\/p>\n\t\t\t\t\t\t\t\t<\/div>\n\t\t\t\t<\/div>\n\t\t\t\t<div class=\"elementor-element elementor-element-228bcc46 elementor-widget elementor-widget-heading\" data-id=\"228bcc46\" data-element_type=\"widget\" data-e-type=\"widget\" data-widget_type=\"heading.default\">\n\t\t\t\t<div class=\"elementor-widget-container\">\n\t\t\t\t\t<h3 class=\"elementor-heading-title elementor-size-default\">Make Your Dream<br> Come True<\/h3>\t\t\t\t<\/div>\n\t\t\t\t<\/div>\n\t\t\t\t\t<\/div>\n\t\t<\/div>\n\t\t\t\t\t<\/div>\n\t\t<\/section>\n\t\t\t\t<section class=\"elementor-section elementor-top-section elementor-element elementor-element-225141b elementor-section-boxed elementor-section-height-default elementor-section-height-default wpr-particle-no wpr-jarallax-no wpr-parallax-no wpr-sticky-section-no\" data-id=\"225141b\" data-element_type=\"section\" data-e-type=\"section\">\n\t\t\t\t\t\t<div class=\"elementor-container elementor-column-gap-default\">\n\t\t\t\t\t<div class=\"elementor-column elementor-col-100 elementor-top-column elementor-element elementor-element-5b45fe9\" data-id=\"5b45fe9\" data-element_type=\"column\" data-e-type=\"column\">\n\t\t\t<div class=\"elementor-widget-wrap elementor-element-populated\">\n\t\t\t\t\t\t\t<\/div>\n\t\t<\/div>\n\t\t\t\t\t<\/div>\n\t\t<\/section>\n\t\t\t\t<\/div>\n\t\t","protected":false},"excerpt":{"rendered":"<p>Make an appointment Sports physiotherapist Our team of physiotherapists is available to help you every day of the week from 8 AM to 7 PM and on Saturdays from 8 AM to 1 PM. Our practice is located at Avenue Marcel Thiry number 180 in Woluwe-Saint-Lambert. The easiest way is to make an appointment online via the link below.&nbsp; If you prefer to make an appointment by phone, we can be reached at 0493 44 00 33 If you have more questions, you can also contact us by email at info@kine-sport-brussels.be Make an appointment Personal training For sports coaching, we recommend contacting us first by email to better address your request. Our email address is info@kine-sport-brussels.be Sports medicine You can make an appointment with our doctor, Dr. Marie Hechtermans, via doctoranytime or through her personal secretary at 0491 07 15 92 Make an appointment Sports screening Allow 60 minutes for a screening session. Our experts Alexandre Del Barrio and Nicolas Guilmot will be happy to assist you. Appointments are made via email at info@kine-sport-brussels.be Contact us Make Your Dream Come True<\/p>\n","protected":false},"author":1,"featured_media":0,"parent":0,"menu_order":0,"comment_status":"closed","ping_status":"closed","template":"","meta":{"_monsterinsights_skip_tracking":false,"_monsterinsights_sitenote_active":false,"_monsterinsights_sitenote_note":"","_monsterinsights_sitenote_category":0,"site-sidebar-layout":"no-sidebar","site-content-layout":"page-builder","ast-site-content-layout":"full-width-container","site-content-style":"default","site-sidebar-style":"default","ast-global-header-display":"","ast-banner-title-visibility":"","ast-main-header-display":"","ast-hfb-above-header-display":"","ast-hfb-below-header-display":"","ast-hfb-mobile-header-display":"","site-post-title":"disabled","ast-breadcrumbs-content":"","ast-featured-img":"disabled","footer-sml-layout":"","ast-disable-related-posts":"","theme-transparent-header-meta":"","adv-header-id-meta":"","stick-header-meta":"","header-above-stick-meta":"","header-main-stick-meta":"","header-below-stick-meta":"","astra-migrate-meta-layouts":"default","ast-page-background-enabled":"default","ast-page-background-meta":{"desktop":{"background-color":"var(--ast-global-color-4)","background-image":"","background-repeat":"repeat","background-position":"center center","background-size":"auto","background-attachment":"scroll","background-type":"","background-media":"","overlay-type":"","overlay-color":"","overlay-opacity":"","overlay-gradient":""},"tablet":{"background-color":"","background-image":"","background-repeat":"repeat","background-position":"center center","background-size":"auto","background-attachment":"scroll","background-type":"","background-media":"","overlay-type":"","overlay-color":"","overlay-opacity":"","overlay-gradient":""},"mobile":{"background-color":"","background-image":"","background-repeat":"repeat","background-position":"center center","background-size":"auto","background-attachment":"scroll","background-type":"","background-media":"","overlay-type":"","overlay-color":"","overlay-opacity":"","overlay-gradient":""}},"ast-content-background-meta":{"desktop":{"background-color":"var(--ast-global-color-5)","background-image":"","background-repeat":"repeat","background-position":"center center","background-size":"auto","background-attachment":"scroll","background-type":"","background-media":"","overlay-type":"","overlay-color":"","overlay-opacity":"","overlay-gradient":""},"tablet":{"background-color":"var(--ast-global-color-5)","background-image":"","background-repeat":"repeat","background-position":"center center","background-size":"auto","background-attachment":"scroll","background-type":"","background-media":"","overlay-type":"","overlay-color":"","overlay-opacity":"","overlay-gradient":""},"mobile":{"background-color":"var(--ast-global-color-5)","background-image":"","background-repeat":"repeat","background-position":"center center","background-size":"auto","background-attachment":"scroll","background-type":"","background-media":"","overlay-type":"","overlay-color":"","overlay-opacity":"","overlay-gradient":""}},"footnotes":""},"class_list":["post-10798","page","type-page","status-publish","hentry"],"yoast_head":"<!-- This site is optimized with the Yoast SEO plugin v27.3 - https:\/\/yoast.com\/product\/yoast-seo-wordpress\/ -->\n<title>Contact - Kin\u00e9sith\u00e9rapeute Sportif | Coach Sportif | Woluwe<\/title>\n<meta name=\"description\" content=\"Make an appointment Sports physiotherapist Our team of physiotherapists is available to help you every day of the week from 8 AM to 7 PM and on Saturdays\" \/>\n<meta name=\"robots\" content=\"index, follow, max-snippet:-1, max-image-preview:large, max-video-preview:-1\" \/>\n<link rel=\"canonical\" href=\"https:\/\/kine-sport-brussels.be\/contact\/\" \/>\n<meta property=\"og:locale\" content=\"en_US\" \/>\n<meta property=\"og:type\" content=\"article\" \/>\n<meta property=\"og:title\" content=\"Contact - Kin\u00e9sith\u00e9rapeute Sportif | Coach Sportif | Woluwe\" \/>\n<meta property=\"og:description\" content=\"Make an appointment Sports physiotherapist Our team of physiotherapists is available to help you every day of the week from 8 AM to 7 PM and on Saturdays\" \/>\n<meta property=\"og:url\" content=\"https:\/\/kine-sport-brussels.be\/contact\/\" \/>\n<meta property=\"og:site_name\" content=\"Kin\u00e9sith\u00e9rapeute Sportif | Coach Sportif | Woluwe\" \/>\n<meta property=\"article:publisher\" content=\"https:\/\/www.facebook.com\/KineSportBrussels\/\" \/>\n<meta property=\"article:modified_time\" content=\"2025-12-04T09:37:13+00:00\" \/>\n<meta property=\"og:image\" content=\"https:\/\/kine-sport-brussels.be\/wp-content\/uploads\/2019\/05\/logo-kin\u00e9-sport-brussels-2.png\" \/>\n\t<meta property=\"og:image:width\" content=\"1571\" \/>\n\t<meta property=\"og:image:height\" content=\"671\" \/>\n\t<meta property=\"og:image:type\" content=\"image\/png\" \/>\n<meta name=\"twitter:card\" content=\"summary_large_image\" \/>\n<meta name=\"twitter:label1\" content=\"Est. reading time\" \/>\n\t<meta name=\"twitter:data1\" content=\"1 minute\" \/>\n<script type=\"application\/ld+json\" class=\"yoast-schema-graph\">{\"@context\":\"https:\\\/\\\/schema.org\",\"@graph\":[{\"@type\":\"WebPage\",\"@id\":\"https:\\\/\\\/kine-sport-brussels.be\\\/contact\\\/\",\"url\":\"https:\\\/\\\/kine-sport-brussels.be\\\/contact\\\/\",\"name\":\"Contact - Kin\u00e9sith\u00e9rapeute Sportif | Coach Sportif | Woluwe\",\"isPartOf\":{\"@id\":\"https:\\\/\\\/kine-sport-brussels.be\\\/#website\"},\"datePublished\":\"2024-07-15T22:28:17+00:00\",\"dateModified\":\"2025-12-04T09:37:13+00:00\",\"description\":\"Make an appointment Sports physiotherapist Our team of physiotherapists is available to help you every day of the week from 8 AM to 7 PM and on Saturdays\",\"breadcrumb\":{\"@id\":\"https:\\\/\\\/kine-sport-brussels.be\\\/contact\\\/#breadcrumb\"},\"inLanguage\":\"en-US\",\"potentialAction\":[{\"@type\":\"ReadAction\",\"target\":[\"https:\\\/\\\/kine-sport-brussels.be\\\/contact\\\/\"]}]},{\"@type\":\"BreadcrumbList\",\"@id\":\"https:\\\/\\\/kine-sport-brussels.be\\\/contact\\\/#breadcrumb\",\"itemListElement\":[{\"@type\":\"ListItem\",\"position\":1,\"name\":\"Accueil\",\"item\":\"https:\\\/\\\/kine-sport-brussels.be\\\/\"},{\"@type\":\"ListItem\",\"position\":2,\"name\":\"Contact\"}]},{\"@type\":\"WebSite\",\"@id\":\"https:\\\/\\\/kine-sport-brussels.be\\\/#website\",\"url\":\"https:\\\/\\\/kine-sport-brussels.be\\\/\",\"name\":\"Kin\u00e9sith\u00e9rapeute Sportif | Coach Sportif | Woluwe\",\"description\":\"Chaque blessure est vue comme une chance de s&#039;am\u00e9liorer. Hernie discale, lumbago, ligament crois\u00e9 ...\",\"publisher\":{\"@id\":\"https:\\\/\\\/kine-sport-brussels.be\\\/#organization\"},\"potentialAction\":[{\"@type\":\"SearchAction\",\"target\":{\"@type\":\"EntryPoint\",\"urlTemplate\":\"https:\\\/\\\/kine-sport-brussels.be\\\/?s={search_term_string}\"},\"query-input\":{\"@type\":\"PropertyValueSpecification\",\"valueRequired\":true,\"valueName\":\"search_term_string\"}}],\"inLanguage\":\"en-US\"},{\"@type\":\"Organization\",\"@id\":\"https:\\\/\\\/kine-sport-brussels.be\\\/#organization\",\"name\":\"Kine Sport Brussels\",\"url\":\"https:\\\/\\\/kine-sport-brussels.be\\\/\",\"logo\":{\"@type\":\"ImageObject\",\"inLanguage\":\"en-US\",\"@id\":\"https:\\\/\\\/kine-sport-brussels.be\\\/#\\\/schema\\\/logo\\\/image\\\/\",\"url\":\"https:\\\/\\\/kine-sport-brussels.be\\\/wp-content\\\/uploads\\\/2023\\\/04\\\/cropped-cropped-Logo-cercle-1.png\",\"contentUrl\":\"https:\\\/\\\/kine-sport-brussels.be\\\/wp-content\\\/uploads\\\/2023\\\/04\\\/cropped-cropped-Logo-cercle-1.png\",\"width\":250,\"height\":250,\"caption\":\"Kine Sport Brussels\"},\"image\":{\"@id\":\"https:\\\/\\\/kine-sport-brussels.be\\\/#\\\/schema\\\/logo\\\/image\\\/\"},\"sameAs\":[\"https:\\\/\\\/www.facebook.com\\\/KineSportBrussels\\\/\",\"http:\\\/\\\/www.instagram.com\\\/kinesportbrussels\"]}]}<\/script>\n<!-- \/ Yoast SEO plugin. -->","yoast_head_json":{"title":"Contact - Kin\u00e9sith\u00e9rapeute Sportif | Coach Sportif | Woluwe","description":"Make an appointment Sports physiotherapist Our team of physiotherapists is available to help you every day of the week from 8 AM to 7 PM and on Saturdays","robots":{"index":"index","follow":"follow","max-snippet":"max-snippet:-1","max-image-preview":"max-image-preview:large","max-video-preview":"max-video-preview:-1"},"canonical":"https:\/\/kine-sport-brussels.be\/contact\/","og_locale":"en_US","og_type":"article","og_title":"Contact - Kin\u00e9sith\u00e9rapeute Sportif | Coach Sportif | Woluwe","og_description":"Make an appointment Sports physiotherapist Our team of physiotherapists is available to help you every day of the week from 8 AM to 7 PM and on Saturdays","og_url":"https:\/\/kine-sport-brussels.be\/contact\/","og_site_name":"Kin\u00e9sith\u00e9rapeute Sportif | Coach Sportif | Woluwe","article_publisher":"https:\/\/www.facebook.com\/KineSportBrussels\/","article_modified_time":"2025-12-04T09:37:13+00:00","og_image":[{"width":1571,"height":671,"url":"https:\/\/kine-sport-brussels.be\/wp-content\/uploads\/2019\/05\/logo-kin\u00e9-sport-brussels-2.png","type":"image\/png"}],"twitter_card":"summary_large_image","twitter_misc":{"Est. reading time":"1 minute"},"schema":{"@context":"https:\/\/schema.org","@graph":[{"@type":"WebPage","@id":"https:\/\/kine-sport-brussels.be\/contact\/","url":"https:\/\/kine-sport-brussels.be\/contact\/","name":"Contact - Kin\u00e9sith\u00e9rapeute Sportif | Coach Sportif | Woluwe","isPartOf":{"@id":"https:\/\/kine-sport-brussels.be\/#website"},"datePublished":"2024-07-15T22:28:17+00:00","dateModified":"2025-12-04T09:37:13+00:00","description":"Make an appointment Sports physiotherapist Our team of physiotherapists is available to help you every day of the week from 8 AM to 7 PM and on Saturdays","breadcrumb":{"@id":"https:\/\/kine-sport-brussels.be\/contact\/#breadcrumb"},"inLanguage":"en-US","potentialAction":[{"@type":"ReadAction","target":["https:\/\/kine-sport-brussels.be\/contact\/"]}]},{"@type":"BreadcrumbList","@id":"https:\/\/kine-sport-brussels.be\/contact\/#breadcrumb","itemListElement":[{"@type":"ListItem","position":1,"name":"Accueil","item":"https:\/\/kine-sport-brussels.be\/"},{"@type":"ListItem","position":2,"name":"Contact"}]},{"@type":"WebSite","@id":"https:\/\/kine-sport-brussels.be\/#website","url":"https:\/\/kine-sport-brussels.be\/","name":"Kin\u00e9sith\u00e9rapeute Sportif | Coach Sportif | Woluwe","description":"Chaque blessure est vue comme une chance de s&#039;am\u00e9liorer. Hernie discale, lumbago, ligament crois\u00e9 ...","publisher":{"@id":"https:\/\/kine-sport-brussels.be\/#organization"},"potentialAction":[{"@type":"SearchAction","target":{"@type":"EntryPoint","urlTemplate":"https:\/\/kine-sport-brussels.be\/?s={search_term_string}"},"query-input":{"@type":"PropertyValueSpecification","valueRequired":true,"valueName":"search_term_string"}}],"inLanguage":"en-US"},{"@type":"Organization","@id":"https:\/\/kine-sport-brussels.be\/#organization","name":"Kine Sport Brussels","url":"https:\/\/kine-sport-brussels.be\/","logo":{"@type":"ImageObject","inLanguage":"en-US","@id":"https:\/\/kine-sport-brussels.be\/#\/schema\/logo\/image\/","url":"https:\/\/kine-sport-brussels.be\/wp-content\/uploads\/2023\/04\/cropped-cropped-Logo-cercle-1.png","contentUrl":"https:\/\/kine-sport-brussels.be\/wp-content\/uploads\/2023\/04\/cropped-cropped-Logo-cercle-1.png","width":250,"height":250,"caption":"Kine Sport Brussels"},"image":{"@id":"https:\/\/kine-sport-brussels.be\/#\/schema\/logo\/image\/"},"sameAs":["https:\/\/www.facebook.com\/KineSportBrussels\/","http:\/\/www.instagram.com\/kinesportbrussels"]}]}},"_links":{"self":[{"href":"https:\/\/kine-sport-brussels.be\/en\/wp-json\/wp\/v2\/pages\/10798","targetHints":{"allow":["GET"]}}],"collection":[{"href":"https:\/\/kine-sport-brussels.be\/en\/wp-json\/wp\/v2\/pages"}],"about":[{"href":"https:\/\/kine-sport-brussels.be\/en\/wp-json\/wp\/v2\/types\/page"}],"author":[{"embeddable":true,"href":"https:\/\/kine-sport-brussels.be\/en\/wp-json\/wp\/v2\/users\/1"}],"replies":[{"embeddable":true,"href":"https:\/\/kine-sport-brussels.be\/en\/wp-json\/wp\/v2\/comments?post=10798"}],"version-history":[{"count":3,"href":"https:\/\/kine-sport-brussels.be\/en\/wp-json\/wp\/v2\/pages\/10798\/revisions"}],"predecessor-version":[{"id":11427,"href":"https:\/\/kine-sport-brussels.be\/en\/wp-json\/wp\/v2\/pages\/10798\/revisions\/11427"}],"wp:attachment":[{"href":"https:\/\/kine-sport-brussels.be\/en\/wp-json\/wp\/v2\/media?parent=10798"}],"curies":[{"name":"wp","href":"https:\/\/api.w.org\/{rel}","templated":true}]}}