{"id":10821,"date":"2024-07-16T09:55:08","date_gmt":"2024-07-16T08:55:08","guid":{"rendered":"https:\/\/kine-sport-brussels.be\/sportgeneeskunde\/"},"modified":"2024-07-16T17:41:54","modified_gmt":"2024-07-16T16:41:54","slug":"sportgeneeskunde","status":"publish","type":"page","link":"https:\/\/kine-sport-brussels.be\/nl\/sportgeneeskunde\/","title":{"rendered":"Sportgeneeskunde"},"content":{"rendered":"\t\t<div data-elementor-type=\"wp-page\" data-elementor-id=\"10821\" class=\"elementor elementor-10821 elementor-10501\" data-elementor-post-type=\"page\">\n\t\t\t\t\t\t<section class=\"elementor-section elementor-top-section elementor-element elementor-element-0d624d4 elementor-section-full_width elementor-section-height-min-height elementor-section-height-default elementor-section-items-middle wpr-particle-no wpr-jarallax-no wpr-parallax-no wpr-sticky-section-no\" data-id=\"0d624d4\" data-element_type=\"section\" data-e-type=\"section\" data-settings=\"{&quot;background_background&quot;:&quot;classic&quot;}\">\n\t\t\t\t\t\t\t<div class=\"elementor-background-overlay\"><\/div>\n\t\t\t\t\t\t\t<div class=\"elementor-container elementor-column-gap-no\">\n\t\t\t\t\t<div class=\"elementor-column elementor-col-100 elementor-top-column elementor-element elementor-element-f778ff9\" data-id=\"f778ff9\" data-element_type=\"column\" data-e-type=\"column\">\n\t\t\t<div class=\"elementor-widget-wrap elementor-element-populated\">\n\t\t\t\t\t\t<div class=\"elementor-element elementor-element-04ad81f elementor-widget elementor-widget-heading\" data-id=\"04ad81f\" data-element_type=\"widget\" data-e-type=\"widget\" data-widget_type=\"heading.default\">\n\t\t\t\t<div class=\"elementor-widget-container\">\n\t\t\t\t\t<h1 class=\"elementor-heading-title elementor-size-default\">Aan uw kant bij elke inspanning<\/h1>\t\t\t\t<\/div>\n\t\t\t\t<\/div>\n\t\t\t\t\t<\/div>\n\t\t<\/div>\n\t\t\t\t\t<\/div>\n\t\t<\/section>\n\t\t\t\t<section class=\"elementor-section elementor-top-section elementor-element elementor-element-90bc7c7 elementor-section-boxed elementor-section-height-default elementor-section-height-default wpr-particle-no wpr-jarallax-no wpr-parallax-no wpr-sticky-section-no\" data-id=\"90bc7c7\" data-element_type=\"section\" data-e-type=\"section\">\n\t\t\t\t\t\t<div class=\"elementor-container elementor-column-gap-default\">\n\t\t\t\t\t<div class=\"elementor-column elementor-col-50 elementor-top-column elementor-element elementor-element-5edca78\" data-id=\"5edca78\" data-element_type=\"column\" data-e-type=\"column\">\n\t\t\t<div class=\"elementor-widget-wrap elementor-element-populated\">\n\t\t\t\t\t\t<div class=\"elementor-element elementor-element-dab0382 elementor-widget elementor-widget-heading\" data-id=\"dab0382\" data-element_type=\"widget\" data-e-type=\"widget\" data-widget_type=\"heading.default\">\n\t\t\t\t<div class=\"elementor-widget-container\">\n\t\t\t\t\t<h3 class=\"elementor-heading-title elementor-size-default\">Sportgeneeskunde en echografie<\/h3>\t\t\t\t<\/div>\n\t\t\t\t<\/div>\n\t\t\t\t<div class=\"elementor-element elementor-element-511f97a elementor-widget elementor-widget-text-editor\" data-id=\"511f97a\" data-element_type=\"widget\" data-e-type=\"widget\" data-widget_type=\"text-editor.default\">\n\t\t\t\t<div class=\"elementor-widget-container\">\n\t\t\t\t\t\t\t\t\t<p>Als sportarts kan Dr. Marie Hechtermans u begeleiden door alle stadia van uw sportbeoefening.<\/p>\n<p>Haar missie? U helpen uw discipline op een bevredigende en veilige manier te beoefenen.<\/p>\n<p>Ter preventie kan zij u begeleiden bij niet-contra-indicatie onderzoeken en bij het aanpassen van uw sportbeoefening aan eventuele bestaande pathologie\u00ebn.<\/p>\n<p>Als u geblesseerd bent, stelt zij de diagnose en begeleidt u naar de meest geschikte behandeling. Indien nodig kan er direct in de praktijk een eerste-lijns echografie worden gemaakt.<\/p>\n<p>Voor Dr. Hechtermans zijn gezondheidszorg en sport een teamsport. Zij werkt graag samen en wisselt uit met collega\u2019s van alle beroepen om de kwaliteit van de zorg te verbeteren.<\/p>\n<p>De arts heeft haar eigen secretariaat. U kunt contact opnemen via <b>0491\/07.15.92<\/b>, een e-mail sturen naar <b>contact.centremedicaljourdan@gmail.com<\/b>, of online een afspraak maken op <b>www.doctoranytime.be<\/b><\/p>\n\t\t\t\t\t\t\t\t<\/div>\n\t\t\t\t<\/div>\n\t\t\t\t\t<\/div>\n\t\t<\/div>\n\t\t\t\t<div class=\"elementor-column elementor-col-50 elementor-top-column elementor-element elementor-element-b2ae067\" data-id=\"b2ae067\" data-element_type=\"column\" data-e-type=\"column\">\n\t\t\t<div class=\"elementor-widget-wrap elementor-element-populated\">\n\t\t\t\t\t\t<div class=\"elementor-element elementor-element-1a188df wpr-promo-box-style-cover elementor-widget elementor-widget-wpr-promo-box\" data-id=\"1a188df\" data-element_type=\"widget\" data-e-type=\"widget\" data-widget_type=\"wpr-promo-box.default\">\n\t\t\t\t<div class=\"elementor-widget-container\">\n\t\t\t\t\t\n\t\t<div class=\"wpr-promo-box wpr-animation-wrap\">\n\n\t\t\t\t\t\t\t\n\t\t\t\t\t\t\t<div class=\"wpr-promo-box-image\">\n\t\t\t\t\t<div class=\"wpr-promo-box-bg-image wpr-bg-anim-zoom-in wpr-anim-timing-ease-default\" style=\"background-image:url(https:\/\/kine-sport-brussels.be\/wp-content\/uploads\/2019\/12\/doctor-563428-scaled-e1577043191441.jpg);\"><\/div>\n\t\t\t\t\t<div class=\"wpr-promo-box-bg-overlay wpr-border-anim-oscar\"><\/div>\n\t\t\t\t<\/div>\n\t\t\t\t\t\t\n\t\t\t<div class=\"wpr-promo-box-content\">\n\n\t\t\t\t\t\t\t\t<div class=\"wpr-promo-box-icon\">\n\t\t\t\t\t\t\t\t\t<\/div>\n\t\t\t\t\n\t\t\t\t\n\t\t\t\t\n\t\t\t\t\t\t\t\t\t<div class=\"wpr-promo-box-btn-wrap\">\n\t\t\t\t\t\t<a class=\"wpr-promo-box-btn\" href=\"https:\/\/www.doctoranytime.be\/d\/medecin-du-sport\/marie-hechtermans\">\n\n\t\t\t\t\t\t\t\t\t\t\t\t\t\t<span class=\"wpr-promo-box-btn-text\">Maak een afspraak<\/span>\t\t\n\t\t\t\t\t\t\t\n\t\t\t\t\t\t\t\t\t\t\t\t\t<\/a>\n\t\t\t\t\t<\/div>\t\n\t\t\t\t\t\t\t<\/div>\n\n\t\t\t\t\t<\/div>\n\n\t\t\t\t\t\t<\/div>\n\t\t\t\t<\/div>\n\t\t\t\t\t<\/div>\n\t\t<\/div>\n\t\t\t\t\t<\/div>\n\t\t<\/section>\n\t\t\t\t<\/div>\n\t\t","protected":false},"excerpt":{"rendered":"<p>Aan uw kant bij elke inspanning Sportgeneeskunde en echografie Als sportarts kan Dr. Marie Hechtermans u begeleiden door alle stadia van uw sportbeoefening. Haar missie? U helpen uw discipline op een bevredigende en veilige manier te beoefenen. Ter preventie kan zij u begeleiden bij niet-contra-indicatie onderzoeken en bij het aanpassen van uw sportbeoefening aan eventuele bestaande pathologie\u00ebn. Als u geblesseerd bent, stelt zij de diagnose en begeleidt u naar de meest geschikte behandeling. Indien nodig kan er direct in de praktijk een eerste-lijns echografie worden gemaakt. Voor Dr. Hechtermans zijn gezondheidszorg en sport een teamsport. Zij werkt graag samen en wisselt uit met collega\u2019s van alle beroepen om de kwaliteit van de zorg te verbeteren. De arts heeft haar eigen secretariaat. U kunt contact opnemen via 0491\/07.15.92, een e-mail sturen naar contact.centremedicaljourdan@gmail.com, of online een afspraak maken op www.doctoranytime.be Maak een afspraak<\/p>\n","protected":false},"author":1,"featured_media":0,"parent":0,"menu_order":0,"comment_status":"closed","ping_status":"closed","template":"","meta":{"_monsterinsights_skip_tracking":false,"_monsterinsights_sitenote_active":false,"_monsterinsights_sitenote_note":"","_monsterinsights_sitenote_category":0,"site-sidebar-layout":"no-sidebar","site-content-layout":"page-builder","ast-site-content-layout":"full-width-container","site-content-style":"unboxed","site-sidebar-style":"unboxed","ast-global-header-display":"","ast-banner-title-visibility":"","ast-main-header-display":"","ast-hfb-above-header-display":"","ast-hfb-below-header-display":"","ast-hfb-mobile-header-display":"","site-post-title":"disabled","ast-breadcrumbs-content":"","ast-featured-img":"disabled","footer-sml-layout":"","ast-disable-related-posts":"","theme-transparent-header-meta":"default","adv-header-id-meta":"","stick-header-meta":"","header-above-stick-meta":"","header-main-stick-meta":"","header-below-stick-meta":"","astra-migrate-meta-layouts":"set","ast-page-background-enabled":"default","ast-page-background-meta":{"desktop":{"background-color":"var(--ast-global-color-4)","background-image":"","background-repeat":"repeat","background-position":"center center","background-size":"auto","background-attachment":"scroll","background-type":"","background-media":"","overlay-type":"","overlay-color":"","overlay-opacity":"","overlay-gradient":""},"tablet":{"background-color":"","background-image":"","background-repeat":"repeat","background-position":"center center","background-size":"auto","background-attachment":"scroll","background-type":"","background-media":"","overlay-type":"","overlay-color":"","overlay-opacity":"","overlay-gradient":""},"mobile":{"background-color":"","background-image":"","background-repeat":"repeat","background-position":"center center","background-size":"auto","background-attachment":"scroll","background-type":"","background-media":"","overlay-type":"","overlay-color":"","overlay-opacity":"","overlay-gradient":""}},"ast-content-background-meta":{"desktop":{"background-color":"var(--ast-global-color-5)","background-image":"","background-repeat":"repeat","background-position":"center center","background-size":"auto","background-attachment":"scroll","background-type":"","background-media":"","overlay-type":"","overlay-color":"","overlay-opacity":"","overlay-gradient":""},"tablet":{"background-color":"var(--ast-global-color-5)","background-image":"","background-repeat":"repeat","background-position":"center center","background-size":"auto","background-attachment":"scroll","background-type":"","background-media":"","overlay-type":"","overlay-color":"","overlay-opacity":"","overlay-gradient":""},"mobile":{"background-color":"var(--ast-global-color-5)","background-image":"","background-repeat":"repeat","background-position":"center center","background-size":"auto","background-attachment":"scroll","background-type":"","background-media":"","overlay-type":"","overlay-color":"","overlay-opacity":"","overlay-gradient":""}},"footnotes":""},"class_list":["post-10821","page","type-page","status-publish","hentry"],"yoast_head":"<!-- This site is optimized with the Yoast SEO plugin v27.3 - https:\/\/yoast.com\/product\/yoast-seo-wordpress\/ -->\n<title>Sportgeneeskunde - Kin\u00e9sith\u00e9rapeute Sportif | Coach Sportif | Woluwe<\/title>\n<meta name=\"description\" content=\"Aan uw kant bij elke inspanning Sportgeneeskunde en echografie Als sportarts kan Dr. Marie Hechtermans u begeleiden door alle stadia van uw\" \/>\n<meta name=\"robots\" content=\"index, follow, max-snippet:-1, max-image-preview:large, max-video-preview:-1\" \/>\n<link rel=\"canonical\" href=\"https:\/\/kine-sport-brussels.be\/medecine-du-sport\/\" \/>\n<meta property=\"og:locale\" content=\"nl_NL\" \/>\n<meta property=\"og:type\" content=\"article\" \/>\n<meta property=\"og:title\" content=\"Sportgeneeskunde - Kin\u00e9sith\u00e9rapeute Sportif | Coach Sportif | Woluwe\" \/>\n<meta property=\"og:description\" content=\"Aan uw kant bij elke inspanning Sportgeneeskunde en echografie Als sportarts kan Dr. Marie Hechtermans u begeleiden door alle stadia van uw\" \/>\n<meta property=\"og:url\" content=\"https:\/\/kine-sport-brussels.be\/medecine-du-sport\/\" \/>\n<meta property=\"og:site_name\" content=\"Kin\u00e9sith\u00e9rapeute Sportif | Coach Sportif | Woluwe\" \/>\n<meta property=\"article:publisher\" content=\"https:\/\/www.facebook.com\/KineSportBrussels\/\" \/>\n<meta property=\"article:modified_time\" content=\"2024-07-16T16:41:54+00:00\" \/>\n<meta property=\"og:image\" content=\"https:\/\/kine-sport-brussels.be\/wp-content\/uploads\/2019\/05\/logo-kin\u00e9-sport-brussels-2.png\" \/>\n\t<meta property=\"og:image:width\" content=\"1571\" \/>\n\t<meta property=\"og:image:height\" content=\"671\" \/>\n\t<meta property=\"og:image:type\" content=\"image\/png\" \/>\n<meta name=\"twitter:card\" content=\"summary_large_image\" \/>\n<meta name=\"twitter:label1\" content=\"Geschatte leestijd\" \/>\n\t<meta name=\"twitter:data1\" content=\"1 minuut\" \/>\n<script type=\"application\/ld+json\" class=\"yoast-schema-graph\">{\"@context\":\"https:\\\/\\\/schema.org\",\"@graph\":[{\"@type\":\"WebPage\",\"@id\":\"https:\\\/\\\/kine-sport-brussels.be\\\/medecine-du-sport\\\/\",\"url\":\"https:\\\/\\\/kine-sport-brussels.be\\\/medecine-du-sport\\\/\",\"name\":\"Sportgeneeskunde - Kin\u00e9sith\u00e9rapeute Sportif | Coach Sportif | Woluwe\",\"isPartOf\":{\"@id\":\"https:\\\/\\\/kine-sport-brussels.be\\\/#website\"},\"datePublished\":\"2024-07-16T08:55:08+00:00\",\"dateModified\":\"2024-07-16T16:41:54+00:00\",\"description\":\"Aan uw kant bij elke inspanning Sportgeneeskunde en echografie Als sportarts kan Dr. Marie Hechtermans u begeleiden door alle stadia van uw\",\"breadcrumb\":{\"@id\":\"https:\\\/\\\/kine-sport-brussels.be\\\/medecine-du-sport\\\/#breadcrumb\"},\"inLanguage\":\"nl-NL\",\"potentialAction\":[{\"@type\":\"ReadAction\",\"target\":[\"https:\\\/\\\/kine-sport-brussels.be\\\/medecine-du-sport\\\/\"]}]},{\"@type\":\"BreadcrumbList\",\"@id\":\"https:\\\/\\\/kine-sport-brussels.be\\\/medecine-du-sport\\\/#breadcrumb\",\"itemListElement\":[{\"@type\":\"ListItem\",\"position\":1,\"name\":\"Accueil\",\"item\":\"https:\\\/\\\/kine-sport-brussels.be\\\/\"},{\"@type\":\"ListItem\",\"position\":2,\"name\":\"Sportgeneeskunde\"}]},{\"@type\":\"WebSite\",\"@id\":\"https:\\\/\\\/kine-sport-brussels.be\\\/#website\",\"url\":\"https:\\\/\\\/kine-sport-brussels.be\\\/\",\"name\":\"Kin\u00e9sith\u00e9rapeute Sportif | Coach Sportif | Woluwe\",\"description\":\"Chaque blessure est vue comme une chance de s&#039;am\u00e9liorer. Hernie discale, lumbago, ligament crois\u00e9 ...\",\"publisher\":{\"@id\":\"https:\\\/\\\/kine-sport-brussels.be\\\/#organization\"},\"potentialAction\":[{\"@type\":\"SearchAction\",\"target\":{\"@type\":\"EntryPoint\",\"urlTemplate\":\"https:\\\/\\\/kine-sport-brussels.be\\\/?s={search_term_string}\"},\"query-input\":{\"@type\":\"PropertyValueSpecification\",\"valueRequired\":true,\"valueName\":\"search_term_string\"}}],\"inLanguage\":\"nl-NL\"},{\"@type\":\"Organization\",\"@id\":\"https:\\\/\\\/kine-sport-brussels.be\\\/#organization\",\"name\":\"Kine Sport Brussels\",\"url\":\"https:\\\/\\\/kine-sport-brussels.be\\\/\",\"logo\":{\"@type\":\"ImageObject\",\"inLanguage\":\"nl-NL\",\"@id\":\"https:\\\/\\\/kine-sport-brussels.be\\\/#\\\/schema\\\/logo\\\/image\\\/\",\"url\":\"https:\\\/\\\/kine-sport-brussels.be\\\/wp-content\\\/uploads\\\/2023\\\/04\\\/cropped-cropped-Logo-cercle-1.png\",\"contentUrl\":\"https:\\\/\\\/kine-sport-brussels.be\\\/wp-content\\\/uploads\\\/2023\\\/04\\\/cropped-cropped-Logo-cercle-1.png\",\"width\":250,\"height\":250,\"caption\":\"Kine Sport Brussels\"},\"image\":{\"@id\":\"https:\\\/\\\/kine-sport-brussels.be\\\/#\\\/schema\\\/logo\\\/image\\\/\"},\"sameAs\":[\"https:\\\/\\\/www.facebook.com\\\/KineSportBrussels\\\/\",\"http:\\\/\\\/www.instagram.com\\\/kinesportbrussels\"]}]}<\/script>\n<!-- \/ Yoast SEO plugin. -->","yoast_head_json":{"title":"Sportgeneeskunde - Kin\u00e9sith\u00e9rapeute Sportif | Coach Sportif | Woluwe","description":"Aan uw kant bij elke inspanning Sportgeneeskunde en echografie Als sportarts kan Dr. Marie Hechtermans u begeleiden door alle stadia van uw","robots":{"index":"index","follow":"follow","max-snippet":"max-snippet:-1","max-image-preview":"max-image-preview:large","max-video-preview":"max-video-preview:-1"},"canonical":"https:\/\/kine-sport-brussels.be\/medecine-du-sport\/","og_locale":"nl_NL","og_type":"article","og_title":"Sportgeneeskunde - Kin\u00e9sith\u00e9rapeute Sportif | Coach Sportif | Woluwe","og_description":"Aan uw kant bij elke inspanning Sportgeneeskunde en echografie Als sportarts kan Dr. Marie Hechtermans u begeleiden door alle stadia van uw","og_url":"https:\/\/kine-sport-brussels.be\/medecine-du-sport\/","og_site_name":"Kin\u00e9sith\u00e9rapeute Sportif | Coach Sportif | Woluwe","article_publisher":"https:\/\/www.facebook.com\/KineSportBrussels\/","article_modified_time":"2024-07-16T16:41:54+00:00","og_image":[{"width":1571,"height":671,"url":"https:\/\/kine-sport-brussels.be\/wp-content\/uploads\/2019\/05\/logo-kin\u00e9-sport-brussels-2.png","type":"image\/png"}],"twitter_card":"summary_large_image","twitter_misc":{"Geschatte leestijd":"1 minuut"},"schema":{"@context":"https:\/\/schema.org","@graph":[{"@type":"WebPage","@id":"https:\/\/kine-sport-brussels.be\/medecine-du-sport\/","url":"https:\/\/kine-sport-brussels.be\/medecine-du-sport\/","name":"Sportgeneeskunde - Kin\u00e9sith\u00e9rapeute Sportif | Coach Sportif | Woluwe","isPartOf":{"@id":"https:\/\/kine-sport-brussels.be\/#website"},"datePublished":"2024-07-16T08:55:08+00:00","dateModified":"2024-07-16T16:41:54+00:00","description":"Aan uw kant bij elke inspanning Sportgeneeskunde en echografie Als sportarts kan Dr. Marie Hechtermans u begeleiden door alle stadia van uw","breadcrumb":{"@id":"https:\/\/kine-sport-brussels.be\/medecine-du-sport\/#breadcrumb"},"inLanguage":"nl-NL","potentialAction":[{"@type":"ReadAction","target":["https:\/\/kine-sport-brussels.be\/medecine-du-sport\/"]}]},{"@type":"BreadcrumbList","@id":"https:\/\/kine-sport-brussels.be\/medecine-du-sport\/#breadcrumb","itemListElement":[{"@type":"ListItem","position":1,"name":"Accueil","item":"https:\/\/kine-sport-brussels.be\/"},{"@type":"ListItem","position":2,"name":"Sportgeneeskunde"}]},{"@type":"WebSite","@id":"https:\/\/kine-sport-brussels.be\/#website","url":"https:\/\/kine-sport-brussels.be\/","name":"Kin\u00e9sith\u00e9rapeute Sportif | Coach Sportif | Woluwe","description":"Chaque blessure est vue comme une chance de s&#039;am\u00e9liorer. Hernie discale, lumbago, ligament crois\u00e9 ...","publisher":{"@id":"https:\/\/kine-sport-brussels.be\/#organization"},"potentialAction":[{"@type":"SearchAction","target":{"@type":"EntryPoint","urlTemplate":"https:\/\/kine-sport-brussels.be\/?s={search_term_string}"},"query-input":{"@type":"PropertyValueSpecification","valueRequired":true,"valueName":"search_term_string"}}],"inLanguage":"nl-NL"},{"@type":"Organization","@id":"https:\/\/kine-sport-brussels.be\/#organization","name":"Kine Sport Brussels","url":"https:\/\/kine-sport-brussels.be\/","logo":{"@type":"ImageObject","inLanguage":"nl-NL","@id":"https:\/\/kine-sport-brussels.be\/#\/schema\/logo\/image\/","url":"https:\/\/kine-sport-brussels.be\/wp-content\/uploads\/2023\/04\/cropped-cropped-Logo-cercle-1.png","contentUrl":"https:\/\/kine-sport-brussels.be\/wp-content\/uploads\/2023\/04\/cropped-cropped-Logo-cercle-1.png","width":250,"height":250,"caption":"Kine Sport Brussels"},"image":{"@id":"https:\/\/kine-sport-brussels.be\/#\/schema\/logo\/image\/"},"sameAs":["https:\/\/www.facebook.com\/KineSportBrussels\/","http:\/\/www.instagram.com\/kinesportbrussels"]}]}},"_links":{"self":[{"href":"https:\/\/kine-sport-brussels.be\/nl\/wp-json\/wp\/v2\/pages\/10821","targetHints":{"allow":["GET"]}}],"collection":[{"href":"https:\/\/kine-sport-brussels.be\/nl\/wp-json\/wp\/v2\/pages"}],"about":[{"href":"https:\/\/kine-sport-brussels.be\/nl\/wp-json\/wp\/v2\/types\/page"}],"author":[{"embeddable":true,"href":"https:\/\/kine-sport-brussels.be\/nl\/wp-json\/wp\/v2\/users\/1"}],"replies":[{"embeddable":true,"href":"https:\/\/kine-sport-brussels.be\/nl\/wp-json\/wp\/v2\/comments?post=10821"}],"version-history":[{"count":3,"href":"https:\/\/kine-sport-brussels.be\/nl\/wp-json\/wp\/v2\/pages\/10821\/revisions"}],"predecessor-version":[{"id":11012,"href":"https:\/\/kine-sport-brussels.be\/nl\/wp-json\/wp\/v2\/pages\/10821\/revisions\/11012"}],"wp:attachment":[{"href":"https:\/\/kine-sport-brussels.be\/nl\/wp-json\/wp\/v2\/media?parent=10821"}],"curies":[{"name":"wp","href":"https:\/\/api.w.org\/{rel}","templated":true}]}}