{"id":10827,"date":"2024-07-16T10:03:16","date_gmt":"2024-07-16T09:03:16","guid":{"rendered":"https:\/\/kine-sport-brussels.be\/screening\/"},"modified":"2024-07-16T13:54:23","modified_gmt":"2024-07-16T12:54:23","slug":"screening","status":"publish","type":"page","link":"https:\/\/kine-sport-brussels.be\/nl\/screening\/","title":{"rendered":"Screening"},"content":{"rendered":"\t\t<div data-elementor-type=\"wp-page\" data-elementor-id=\"10827\" class=\"elementor elementor-10827 elementor-10578\" data-elementor-post-type=\"page\">\n\t\t\t\t\t\t<section class=\"elementor-section elementor-top-section elementor-element elementor-element-36a4b61 elementor-section-full_width elementor-section-height-min-height elementor-section-height-default elementor-section-items-middle wpr-particle-no wpr-jarallax-no wpr-parallax-no wpr-sticky-section-no wpr-equal-height-no\" data-id=\"36a4b61\" data-element_type=\"section\" data-e-type=\"section\" data-settings=\"{&quot;background_background&quot;:&quot;classic&quot;}\">\n\t\t\t\t\t\t\t<div class=\"elementor-background-overlay\"><\/div>\n\t\t\t\t\t\t\t<div class=\"elementor-container elementor-column-gap-no\">\n\t\t\t\t\t<div class=\"elementor-column elementor-col-100 elementor-top-column elementor-element elementor-element-9b96834\" data-id=\"9b96834\" data-element_type=\"column\" data-e-type=\"column\">\n\t\t\t<div class=\"elementor-widget-wrap elementor-element-populated\">\n\t\t\t\t\t\t<div class=\"elementor-element elementor-element-6f66c58 elementor-widget elementor-widget-heading\" data-id=\"6f66c58\" data-element_type=\"widget\" data-e-type=\"widget\" data-widget_type=\"heading.default\">\n\t\t\t\t<div class=\"elementor-widget-container\">\n\t\t\t\t\t<h1 class=\"elementor-heading-title elementor-size-default\">Aan uw kant bij elke inspanning<\/h1>\t\t\t\t<\/div>\n\t\t\t\t<\/div>\n\t\t\t\t\t<\/div>\n\t\t<\/div>\n\t\t\t\t\t<\/div>\n\t\t<\/section>\n\t\t\t\t<section class=\"elementor-section elementor-top-section elementor-element elementor-element-c41d249 elementor-section-boxed elementor-section-height-default elementor-section-height-default wpr-particle-no wpr-jarallax-no wpr-parallax-no wpr-sticky-section-no wpr-equal-height-no\" data-id=\"c41d249\" data-element_type=\"section\" data-e-type=\"section\">\n\t\t\t\t\t\t<div class=\"elementor-container elementor-column-gap-default\">\n\t\t\t\t\t<div class=\"elementor-column elementor-col-50 elementor-top-column elementor-element elementor-element-e980db2\" data-id=\"e980db2\" data-element_type=\"column\" data-e-type=\"column\">\n\t\t\t<div class=\"elementor-widget-wrap elementor-element-populated\">\n\t\t\t\t\t\t<div class=\"elementor-element elementor-element-d8c71be elementor-widget elementor-widget-heading\" data-id=\"d8c71be\" data-element_type=\"widget\" data-e-type=\"widget\" data-widget_type=\"heading.default\">\n\t\t\t\t<div class=\"elementor-widget-container\">\n\t\t\t\t\t<h3 class=\"elementor-heading-title elementor-size-default\">Sport screening<\/h3>\t\t\t\t<\/div>\n\t\t\t\t<\/div>\n\t\t\t\t<div class=\"elementor-element elementor-element-a4190a8 elementor-widget elementor-widget-text-editor\" data-id=\"a4190a8\" data-element_type=\"widget\" data-e-type=\"widget\" data-widget_type=\"text-editor.default\">\n\t\t\t\t<div class=\"elementor-widget-container\">\n\t\t\t\t\t\t\t\t\t<p>De screening die Kine Sport aanbiedt, is gebaseerd op rigoureuze wetenschappelijke protocollen en uitgebreide ervaring in het veld. We gebruiken geavanceerde technologie\u00ebn om een volledige en gepersonaliseerde evaluatie te garanderen, afgestemd op de specifieke behoeften van elk individu. Elke screeningssessie, die een uur duurt, maakt een gedetailleerde evaluatie mogelijk van verschillende cruciale aspecten van uw lichaam, waaronder mobiliteit, kracht en symmetrie.<\/p>\n<p>Door deze grondige beoordeling identificeren we uw sterke en zwakke punten, waardoor u waardevolle informatie krijgt om effectief aan uzelf te werken. Door precies de gebieden aan te pakken die verbetering nodig hebben, kunt u niet alleen uw fysieke capaciteiten verbeteren, maar ook blessures voorkomen en uw prestaties optimaliseren. Ons doel is om u sterker en veerkrachtiger te maken dan voorheen door advies en oefeningen te bieden die zijn afgestemd op uw behoeften.<\/p>\n<p>Onze ondersteuning stopt niet bij de initi\u00eble evaluatie. We begeleiden u gedurende uw hele traject en passen de programma&#8217;s regelmatig aan op basis van uw vooruitgang. Op deze manier kunt u continu evolueren en de beste versie van uzelf bereiken. Een screening wordt klassiek uitgevoerd aan het begin en einde van het sportseizoen, zodat we de geboekte vooruitgang kunnen meten en de doelen dienovereenkomstig kunnen aanpassen.<\/p>\n<p>Bij Kine Sport geloven we dat iedereen speciale aandacht en persoonlijke opvolging verdient. Onze aanpak, gebaseerd op nauwkeurige gegevens en beproefde technieken, biedt u de noodzakelijke hulpmiddelen om uit te blinken in uw sport en uw levenskwaliteit te verbeteren. Met Kine Sport verandert u uw screening in een kans voor groei en versterking om de beste versie van uzelf te worden.<\/p>\n\t\t\t\t\t\t\t\t<\/div>\n\t\t\t\t<\/div>\n\t\t\t\t\t<\/div>\n\t\t<\/div>\n\t\t\t\t<div class=\"elementor-column elementor-col-50 elementor-top-column elementor-element elementor-element-45986ca\" data-id=\"45986ca\" data-element_type=\"column\" data-e-type=\"column\">\n\t\t\t<div class=\"elementor-widget-wrap elementor-element-populated\">\n\t\t\t\t\t\t<div class=\"elementor-element elementor-element-6942af1 wpr-promo-box-style-cover elementor-widget elementor-widget-wpr-promo-box\" data-id=\"6942af1\" data-element_type=\"widget\" data-e-type=\"widget\" data-widget_type=\"wpr-promo-box.default\">\n\t\t\t\t<div class=\"elementor-widget-container\">\n\t\t\t\t\t\n\t\t<div class=\"wpr-promo-box wpr-animation-wrap\">\n\n\t\t\t\t\t\t\t\n\t\t\t\t\t\t\t<div class=\"wpr-promo-box-image\">\n\t\t\t\t\t<div class=\"wpr-promo-box-bg-image wpr-bg-anim-zoom-in wpr-anim-timing-ease-default\" style=\"background-image:url(https:\/\/kine-sport-brussels.be\/wp-content\/uploads\/2020\/09\/kine-sport-brussels-033.jpg);\"><\/div>\n\t\t\t\t\t<div class=\"wpr-promo-box-bg-overlay wpr-border-anim-oscar\"><\/div>\n\t\t\t\t<\/div>\n\t\t\t\t\t\t\n\t\t\t<div class=\"wpr-promo-box-content\">\n\n\t\t\t\t\t\t\t\t<div class=\"wpr-promo-box-icon\">\n\t\t\t\t\t\t\t\t\t<\/div>\n\t\t\t\t\n\t\t\t\t\n\t\t\t\t\n\t\t\t\t\t\t\t\t\t<div class=\"wpr-promo-box-btn-wrap\">\n\t\t\t\t\t\t<a class=\"wpr-promo-box-btn\" href=\"https:\/\/kine-sport-brussels.be\/nl\/contact\/\">\n\n\t\t\t\t\t\t\t\t\t\t\t\t\t\t<span class=\"wpr-promo-box-btn-text\">Maak een afspraak<\/span>\t\t\n\t\t\t\t\t\t\t\n\t\t\t\t\t\t\t\t\t\t\t\t\t<\/a>\n\t\t\t\t\t<\/div>\t\n\t\t\t\t\t\t\t<\/div>\n\n\t\t\t\t\t<\/div>\n\n\t\t\t\t\t\t<\/div>\n\t\t\t\t<\/div>\n\t\t\t\t\t<\/div>\n\t\t<\/div>\n\t\t\t\t\t<\/div>\n\t\t<\/section>\n\t\t\t\t<\/div>\n\t\t","protected":false},"excerpt":{"rendered":"<p>Aan uw kant bij elke inspanning Sport screening De screening die Kine Sport aanbiedt, is gebaseerd op rigoureuze wetenschappelijke protocollen en uitgebreide ervaring in het veld. We gebruiken geavanceerde technologie\u00ebn om een volledige en gepersonaliseerde evaluatie te garanderen, afgestemd op de specifieke behoeften van elk individu. Elke screeningssessie, die een uur duurt, maakt een gedetailleerde evaluatie mogelijk van verschillende cruciale aspecten van uw lichaam, waaronder mobiliteit, kracht en symmetrie. Door deze grondige beoordeling identificeren we uw sterke en zwakke punten, waardoor u waardevolle informatie krijgt om effectief aan uzelf te werken. Door precies de gebieden aan te pakken die verbetering nodig hebben, kunt u niet alleen uw fysieke capaciteiten verbeteren, maar ook blessures voorkomen en uw prestaties optimaliseren. Ons doel is om u sterker en veerkrachtiger te maken dan voorheen door advies en oefeningen te bieden die zijn afgestemd op uw behoeften. Onze ondersteuning stopt niet bij de initi\u00eble evaluatie. We begeleiden u gedurende uw hele traject en passen de programma&#8217;s regelmatig aan op basis van uw vooruitgang. Op deze manier kunt u continu evolueren en de beste versie van uzelf bereiken. Een screening wordt klassiek uitgevoerd aan het begin en einde van het sportseizoen, zodat we de geboekte vooruitgang kunnen meten en de doelen dienovereenkomstig kunnen aanpassen. Bij Kine Sport geloven we dat iedereen speciale aandacht en persoonlijke opvolging verdient. Onze aanpak, gebaseerd op nauwkeurige gegevens en beproefde technieken, biedt u de noodzakelijke hulpmiddelen om uit te blinken in uw sport en uw levenskwaliteit te verbeteren. Met Kine Sport verandert u uw screening in een kans voor groei en versterking om de beste versie van uzelf te worden. Maak een afspraak<\/p>\n","protected":false},"author":1,"featured_media":0,"parent":0,"menu_order":0,"comment_status":"closed","ping_status":"closed","template":"","meta":{"_monsterinsights_skip_tracking":false,"_monsterinsights_sitenote_active":false,"_monsterinsights_sitenote_note":"","_monsterinsights_sitenote_category":0,"site-sidebar-layout":"no-sidebar","site-content-layout":"page-builder","ast-site-content-layout":"full-width-container","site-content-style":"default","site-sidebar-style":"default","ast-global-header-display":"","ast-banner-title-visibility":"","ast-main-header-display":"","ast-hfb-above-header-display":"","ast-hfb-below-header-display":"","ast-hfb-mobile-header-display":"","site-post-title":"disabled","ast-breadcrumbs-content":"","ast-featured-img":"disabled","footer-sml-layout":"","ast-disable-related-posts":"","theme-transparent-header-meta":"","adv-header-id-meta":"","stick-header-meta":"","header-above-stick-meta":"","header-main-stick-meta":"","header-below-stick-meta":"","astra-migrate-meta-layouts":"default","ast-page-background-enabled":"default","ast-page-background-meta":{"desktop":{"background-color":"var(--ast-global-color-4)","background-image":"","background-repeat":"repeat","background-position":"center center","background-size":"auto","background-attachment":"scroll","background-type":"","background-media":"","overlay-type":"","overlay-color":"","overlay-opacity":"","overlay-gradient":""},"tablet":{"background-color":"","background-image":"","background-repeat":"repeat","background-position":"center center","background-size":"auto","background-attachment":"scroll","background-type":"","background-media":"","overlay-type":"","overlay-color":"","overlay-opacity":"","overlay-gradient":""},"mobile":{"background-color":"","background-image":"","background-repeat":"repeat","background-position":"center center","background-size":"auto","background-attachment":"scroll","background-type":"","background-media":"","overlay-type":"","overlay-color":"","overlay-opacity":"","overlay-gradient":""}},"ast-content-background-meta":{"desktop":{"background-color":"var(--ast-global-color-5)","background-image":"","background-repeat":"repeat","background-position":"center center","background-size":"auto","background-attachment":"scroll","background-type":"","background-media":"","overlay-type":"","overlay-color":"","overlay-opacity":"","overlay-gradient":""},"tablet":{"background-color":"var(--ast-global-color-5)","background-image":"","background-repeat":"repeat","background-position":"center center","background-size":"auto","background-attachment":"scroll","background-type":"","background-media":"","overlay-type":"","overlay-color":"","overlay-opacity":"","overlay-gradient":""},"mobile":{"background-color":"var(--ast-global-color-5)","background-image":"","background-repeat":"repeat","background-position":"center center","background-size":"auto","background-attachment":"scroll","background-type":"","background-media":"","overlay-type":"","overlay-color":"","overlay-opacity":"","overlay-gradient":""}},"footnotes":""},"class_list":["post-10827","page","type-page","status-publish","hentry"],"yoast_head":"<!-- This site is optimized with the Yoast SEO plugin v27.3 - https:\/\/yoast.com\/product\/yoast-seo-wordpress\/ -->\n<title>Screening - Kin\u00e9sith\u00e9rapeute Sportif | Coach Sportif | Woluwe<\/title>\n<meta name=\"description\" content=\"Aan uw kant bij elke inspanning Sport screening De screening die Kine Sport aanbiedt, is gebaseerd op rigoureuze wetenschappelijke protocollen en\" \/>\n<meta name=\"robots\" content=\"index, follow, max-snippet:-1, max-image-preview:large, max-video-preview:-1\" \/>\n<link rel=\"canonical\" href=\"https:\/\/kine-sport-brussels.be\/screening\/\" \/>\n<meta property=\"og:locale\" content=\"nl_NL\" \/>\n<meta property=\"og:type\" content=\"article\" \/>\n<meta property=\"og:title\" content=\"Screening - Kin\u00e9sith\u00e9rapeute Sportif | Coach Sportif | Woluwe\" \/>\n<meta property=\"og:description\" content=\"Aan uw kant bij elke inspanning Sport screening De screening die Kine Sport aanbiedt, is gebaseerd op rigoureuze wetenschappelijke protocollen en\" \/>\n<meta property=\"og:url\" content=\"https:\/\/kine-sport-brussels.be\/screening\/\" \/>\n<meta property=\"og:site_name\" content=\"Kin\u00e9sith\u00e9rapeute Sportif | Coach Sportif | Woluwe\" \/>\n<meta property=\"article:publisher\" content=\"https:\/\/www.facebook.com\/KineSportBrussels\/\" \/>\n<meta property=\"article:modified_time\" content=\"2024-07-16T12:54:23+00:00\" \/>\n<meta property=\"og:image\" content=\"https:\/\/kine-sport-brussels.be\/wp-content\/uploads\/2019\/05\/logo-kin\u00e9-sport-brussels-2.png\" \/>\n\t<meta property=\"og:image:width\" content=\"1571\" \/>\n\t<meta property=\"og:image:height\" content=\"671\" \/>\n\t<meta property=\"og:image:type\" content=\"image\/png\" \/>\n<meta name=\"twitter:card\" content=\"summary_large_image\" \/>\n<meta name=\"twitter:label1\" content=\"Geschatte leestijd\" \/>\n\t<meta name=\"twitter:data1\" content=\"2 minuten\" \/>\n<script type=\"application\/ld+json\" class=\"yoast-schema-graph\">{\"@context\":\"https:\\\/\\\/schema.org\",\"@graph\":[{\"@type\":\"WebPage\",\"@id\":\"https:\\\/\\\/kine-sport-brussels.be\\\/screening\\\/\",\"url\":\"https:\\\/\\\/kine-sport-brussels.be\\\/screening\\\/\",\"name\":\"Screening - Kin\u00e9sith\u00e9rapeute Sportif | Coach Sportif | Woluwe\",\"isPartOf\":{\"@id\":\"https:\\\/\\\/kine-sport-brussels.be\\\/#website\"},\"datePublished\":\"2024-07-16T09:03:16+00:00\",\"dateModified\":\"2024-07-16T12:54:23+00:00\",\"description\":\"Aan uw kant bij elke inspanning Sport screening De screening die Kine Sport aanbiedt, is gebaseerd op rigoureuze wetenschappelijke protocollen en\",\"breadcrumb\":{\"@id\":\"https:\\\/\\\/kine-sport-brussels.be\\\/screening\\\/#breadcrumb\"},\"inLanguage\":\"nl-NL\",\"potentialAction\":[{\"@type\":\"ReadAction\",\"target\":[\"https:\\\/\\\/kine-sport-brussels.be\\\/screening\\\/\"]}]},{\"@type\":\"BreadcrumbList\",\"@id\":\"https:\\\/\\\/kine-sport-brussels.be\\\/screening\\\/#breadcrumb\",\"itemListElement\":[{\"@type\":\"ListItem\",\"position\":1,\"name\":\"Accueil\",\"item\":\"https:\\\/\\\/kine-sport-brussels.be\\\/\"},{\"@type\":\"ListItem\",\"position\":2,\"name\":\"Screening\"}]},{\"@type\":\"WebSite\",\"@id\":\"https:\\\/\\\/kine-sport-brussels.be\\\/#website\",\"url\":\"https:\\\/\\\/kine-sport-brussels.be\\\/\",\"name\":\"Kin\u00e9sith\u00e9rapeute Sportif | Coach Sportif | Woluwe\",\"description\":\"Chaque blessure est vue comme une chance de s&#039;am\u00e9liorer. Hernie discale, lumbago, ligament crois\u00e9 ...\",\"publisher\":{\"@id\":\"https:\\\/\\\/kine-sport-brussels.be\\\/#organization\"},\"potentialAction\":[{\"@type\":\"SearchAction\",\"target\":{\"@type\":\"EntryPoint\",\"urlTemplate\":\"https:\\\/\\\/kine-sport-brussels.be\\\/?s={search_term_string}\"},\"query-input\":{\"@type\":\"PropertyValueSpecification\",\"valueRequired\":true,\"valueName\":\"search_term_string\"}}],\"inLanguage\":\"nl-NL\"},{\"@type\":\"Organization\",\"@id\":\"https:\\\/\\\/kine-sport-brussels.be\\\/#organization\",\"name\":\"Kine Sport Brussels\",\"url\":\"https:\\\/\\\/kine-sport-brussels.be\\\/\",\"logo\":{\"@type\":\"ImageObject\",\"inLanguage\":\"nl-NL\",\"@id\":\"https:\\\/\\\/kine-sport-brussels.be\\\/#\\\/schema\\\/logo\\\/image\\\/\",\"url\":\"https:\\\/\\\/kine-sport-brussels.be\\\/wp-content\\\/uploads\\\/2023\\\/04\\\/cropped-cropped-Logo-cercle-1.png\",\"contentUrl\":\"https:\\\/\\\/kine-sport-brussels.be\\\/wp-content\\\/uploads\\\/2023\\\/04\\\/cropped-cropped-Logo-cercle-1.png\",\"width\":250,\"height\":250,\"caption\":\"Kine Sport Brussels\"},\"image\":{\"@id\":\"https:\\\/\\\/kine-sport-brussels.be\\\/#\\\/schema\\\/logo\\\/image\\\/\"},\"sameAs\":[\"https:\\\/\\\/www.facebook.com\\\/KineSportBrussels\\\/\",\"http:\\\/\\\/www.instagram.com\\\/kinesportbrussels\"]}]}<\/script>\n<!-- \/ Yoast SEO plugin. -->","yoast_head_json":{"title":"Screening - Kin\u00e9sith\u00e9rapeute Sportif | Coach Sportif | Woluwe","description":"Aan uw kant bij elke inspanning Sport screening De screening die Kine Sport aanbiedt, is gebaseerd op rigoureuze wetenschappelijke protocollen en","robots":{"index":"index","follow":"follow","max-snippet":"max-snippet:-1","max-image-preview":"max-image-preview:large","max-video-preview":"max-video-preview:-1"},"canonical":"https:\/\/kine-sport-brussels.be\/screening\/","og_locale":"nl_NL","og_type":"article","og_title":"Screening - Kin\u00e9sith\u00e9rapeute Sportif | Coach Sportif | Woluwe","og_description":"Aan uw kant bij elke inspanning Sport screening De screening die Kine Sport aanbiedt, is gebaseerd op rigoureuze wetenschappelijke protocollen en","og_url":"https:\/\/kine-sport-brussels.be\/screening\/","og_site_name":"Kin\u00e9sith\u00e9rapeute Sportif | Coach Sportif | Woluwe","article_publisher":"https:\/\/www.facebook.com\/KineSportBrussels\/","article_modified_time":"2024-07-16T12:54:23+00:00","og_image":[{"width":1571,"height":671,"url":"https:\/\/kine-sport-brussels.be\/wp-content\/uploads\/2019\/05\/logo-kin\u00e9-sport-brussels-2.png","type":"image\/png"}],"twitter_card":"summary_large_image","twitter_misc":{"Geschatte leestijd":"2 minuten"},"schema":{"@context":"https:\/\/schema.org","@graph":[{"@type":"WebPage","@id":"https:\/\/kine-sport-brussels.be\/screening\/","url":"https:\/\/kine-sport-brussels.be\/screening\/","name":"Screening - Kin\u00e9sith\u00e9rapeute Sportif | Coach Sportif | Woluwe","isPartOf":{"@id":"https:\/\/kine-sport-brussels.be\/#website"},"datePublished":"2024-07-16T09:03:16+00:00","dateModified":"2024-07-16T12:54:23+00:00","description":"Aan uw kant bij elke inspanning Sport screening De screening die Kine Sport aanbiedt, is gebaseerd op rigoureuze wetenschappelijke protocollen en","breadcrumb":{"@id":"https:\/\/kine-sport-brussels.be\/screening\/#breadcrumb"},"inLanguage":"nl-NL","potentialAction":[{"@type":"ReadAction","target":["https:\/\/kine-sport-brussels.be\/screening\/"]}]},{"@type":"BreadcrumbList","@id":"https:\/\/kine-sport-brussels.be\/screening\/#breadcrumb","itemListElement":[{"@type":"ListItem","position":1,"name":"Accueil","item":"https:\/\/kine-sport-brussels.be\/"},{"@type":"ListItem","position":2,"name":"Screening"}]},{"@type":"WebSite","@id":"https:\/\/kine-sport-brussels.be\/#website","url":"https:\/\/kine-sport-brussels.be\/","name":"Kin\u00e9sith\u00e9rapeute Sportif | Coach Sportif | Woluwe","description":"Chaque blessure est vue comme une chance de s&#039;am\u00e9liorer. Hernie discale, lumbago, ligament crois\u00e9 ...","publisher":{"@id":"https:\/\/kine-sport-brussels.be\/#organization"},"potentialAction":[{"@type":"SearchAction","target":{"@type":"EntryPoint","urlTemplate":"https:\/\/kine-sport-brussels.be\/?s={search_term_string}"},"query-input":{"@type":"PropertyValueSpecification","valueRequired":true,"valueName":"search_term_string"}}],"inLanguage":"nl-NL"},{"@type":"Organization","@id":"https:\/\/kine-sport-brussels.be\/#organization","name":"Kine Sport Brussels","url":"https:\/\/kine-sport-brussels.be\/","logo":{"@type":"ImageObject","inLanguage":"nl-NL","@id":"https:\/\/kine-sport-brussels.be\/#\/schema\/logo\/image\/","url":"https:\/\/kine-sport-brussels.be\/wp-content\/uploads\/2023\/04\/cropped-cropped-Logo-cercle-1.png","contentUrl":"https:\/\/kine-sport-brussels.be\/wp-content\/uploads\/2023\/04\/cropped-cropped-Logo-cercle-1.png","width":250,"height":250,"caption":"Kine Sport Brussels"},"image":{"@id":"https:\/\/kine-sport-brussels.be\/#\/schema\/logo\/image\/"},"sameAs":["https:\/\/www.facebook.com\/KineSportBrussels\/","http:\/\/www.instagram.com\/kinesportbrussels"]}]}},"_links":{"self":[{"href":"https:\/\/kine-sport-brussels.be\/nl\/wp-json\/wp\/v2\/pages\/10827","targetHints":{"allow":["GET"]}}],"collection":[{"href":"https:\/\/kine-sport-brussels.be\/nl\/wp-json\/wp\/v2\/pages"}],"about":[{"href":"https:\/\/kine-sport-brussels.be\/nl\/wp-json\/wp\/v2\/types\/page"}],"author":[{"embeddable":true,"href":"https:\/\/kine-sport-brussels.be\/nl\/wp-json\/wp\/v2\/users\/1"}],"replies":[{"embeddable":true,"href":"https:\/\/kine-sport-brussels.be\/nl\/wp-json\/wp\/v2\/comments?post=10827"}],"version-history":[{"count":7,"href":"https:\/\/kine-sport-brussels.be\/nl\/wp-json\/wp\/v2\/pages\/10827\/revisions"}],"predecessor-version":[{"id":11051,"href":"https:\/\/kine-sport-brussels.be\/nl\/wp-json\/wp\/v2\/pages\/10827\/revisions\/11051"}],"wp:attachment":[{"href":"https:\/\/kine-sport-brussels.be\/nl\/wp-json\/wp\/v2\/media?parent=10827"}],"curies":[{"name":"wp","href":"https:\/\/api.w.org\/{rel}","templated":true}]}}