{"id":11421,"date":"2025-12-04T10:32:52","date_gmt":"2025-12-04T09:32:52","guid":{"rendered":"https:\/\/kine-sport-brussels.be\/afspraak-kinesitherpie\/"},"modified":"2026-03-22T07:55:39","modified_gmt":"2026-03-22T06:55:39","slug":"afspraak-kinesitherpie","status":"publish","type":"page","link":"https:\/\/kine-sport-brussels.be\/nl\/afspraak-kinesitherpie\/","title":{"rendered":"Contact"},"content":{"rendered":"\t\t<div data-elementor-type=\"wp-page\" data-elementor-id=\"11421\" class=\"elementor elementor-11421 elementor-11363\" data-elementor-post-type=\"page\">\n\t\t\t\t\t\t<section class=\"elementor-section elementor-top-section elementor-element elementor-element-c0b6f76 elementor-section-full_width elementor-section-height-min-height elementor-section-height-default elementor-section-items-middle wpr-particle-no wpr-jarallax-no wpr-parallax-no wpr-sticky-section-no\" data-id=\"c0b6f76\" data-element_type=\"section\" data-e-type=\"section\" data-settings=\"{&quot;background_background&quot;:&quot;classic&quot;}\">\n\t\t\t\t\t\t\t<div class=\"elementor-background-overlay\"><\/div>\n\t\t\t\t\t\t\t<div class=\"elementor-container elementor-column-gap-no\">\n\t\t\t\t\t<div class=\"elementor-column elementor-col-100 elementor-top-column elementor-element elementor-element-b3452b3\" data-id=\"b3452b3\" data-element_type=\"column\" data-e-type=\"column\">\n\t\t\t<div class=\"elementor-widget-wrap\">\n\t\t\t\t\t\t\t<\/div>\n\t\t<\/div>\n\t\t\t\t\t<\/div>\n\t\t<\/section>\n\t\t\t\t<section class=\"elementor-section elementor-top-section elementor-element elementor-element-26d6a563 elementor-section-boxed elementor-section-height-default elementor-section-height-default wpr-particle-no wpr-jarallax-no wpr-parallax-no wpr-sticky-section-no\" data-id=\"26d6a563\" data-element_type=\"section\" data-e-type=\"section\">\n\t\t\t\t\t\t\t<div class=\"elementor-background-overlay\"><\/div>\n\t\t\t\t\t\t\t<div class=\"elementor-container elementor-column-gap-default\">\n\t\t\t\t\t<div class=\"elementor-column elementor-col-100 elementor-top-column elementor-element elementor-element-4208744c\" data-id=\"4208744c\" data-element_type=\"column\" data-e-type=\"column\">\n\t\t\t<div class=\"elementor-widget-wrap elementor-element-populated\">\n\t\t\t\t\t\t<div class=\"elementor-element elementor-element-4d4f8a80 elementor-widget elementor-widget-heading\" data-id=\"4d4f8a80\" data-element_type=\"widget\" data-e-type=\"widget\" data-widget_type=\"heading.default\">\n\t\t\t\t<div class=\"elementor-widget-container\">\n\t\t\t\t\t<h3 class=\"elementor-heading-title elementor-size-default\">Maak een afspraak<\/h3>\t\t\t\t<\/div>\n\t\t\t\t<\/div>\n\t\t\t\t\t<\/div>\n\t\t<\/div>\n\t\t\t\t\t<\/div>\n\t\t<\/section>\n\t\t\t\t<section class=\"elementor-section elementor-top-section elementor-element elementor-element-56f3153 elementor-section-boxed elementor-section-height-default elementor-section-height-default wpr-particle-no wpr-jarallax-no wpr-parallax-no wpr-sticky-section-no\" data-id=\"56f3153\" data-element_type=\"section\" data-e-type=\"section\">\n\t\t\t\t\t\t<div class=\"elementor-container elementor-column-gap-default\">\n\t\t\t\t\t<div class=\"elementor-column elementor-col-100 elementor-top-column elementor-element elementor-element-13d5870\" data-id=\"13d5870\" data-element_type=\"column\" data-e-type=\"column\">\n\t\t\t<div class=\"elementor-widget-wrap\">\n\t\t\t\t\t\t\t<\/div>\n\t\t<\/div>\n\t\t\t\t\t<\/div>\n\t\t<\/section>\n\t\t\t\t<section class=\"elementor-section elementor-top-section elementor-element elementor-element-e3e05d8 elementor-section-boxed elementor-section-height-default elementor-section-height-default wpr-particle-no wpr-jarallax-no wpr-parallax-no wpr-sticky-section-no\" data-id=\"e3e05d8\" data-element_type=\"section\" data-e-type=\"section\">\n\t\t\t\t\t\t<div class=\"elementor-container elementor-column-gap-default\">\n\t\t\t\t\t<div class=\"elementor-column elementor-col-100 elementor-top-column elementor-element elementor-element-2c6c972\" data-id=\"2c6c972\" data-element_type=\"column\" data-e-type=\"column\">\n\t\t\t<div class=\"elementor-widget-wrap elementor-element-populated\">\n\t\t\t\t\t\t<div class=\"elementor-element elementor-element-a4c95d6 elementor-widget elementor-widget-text-editor\" data-id=\"a4c95d6\" data-element_type=\"widget\" data-e-type=\"widget\" data-widget_type=\"text-editor.default\">\n\t\t\t\t<div class=\"elementor-widget-container\">\n\t\t\t\t\t\t\t\t\t<p>Ons team helpt u elke dag van de week van 7 tot 19 uur. Onze praktijk bevindt zich aan de Marcel Thirylaan 81 in Sint-Lambrechts-Woluwe. De eenvoudigste manier is om online een afspraak te maken nadat u uw dienst hebt gekozen. U ziet vervolgens alle therapeuten die voor u beschikbaar zijn.<\/p>\n<p>&nbsp;<\/p>\n<p>Si vous pr\u00e9f\u00e9rez prendre rendez-vous par t\u00e9l\u00e9phone, nous sommes joignable au <b>0493 44 00 33<\/b><\/p>\n<p>&nbsp;<\/p>\n<p>Vous avez plus de questions ?\u00a0 Contactez-nous par mail \u00e0 <b>info@kine-sport-brussels.be<\/b><\/p>\n\t\t\t\t\t\t\t\t<\/div>\n\t\t\t\t<\/div>\n\t\t\t\t<div class=\"elementor-element elementor-element-8e377ee wpr-button-icon-style-inline wpr-button-icon-position-right elementor-widget elementor-widget-wpr-button\" data-id=\"8e377ee\" data-element_type=\"widget\" data-e-type=\"widget\" data-widget_type=\"wpr-button.default\">\n\t\t\t\t<div class=\"elementor-widget-container\">\n\t\t\t\t\t\t\n\t\t\t\n\t\t\n\t\t<div class=\"wpr-button-wrap elementor-clearfix\">\n\t\t<a class=\"wpr-button wpr-button-effect wpr-button-none\" data-text=\"\" href=\"https:\/\/bookings.crossuite.app\/b1a807ff-461d-4430-866a-274c64385fc4\/step2\">\n\t\t\t\n\t\t\t<span class=\"wpr-button-content\">\n\t\t\t\t\t\t\t\t\t<span class=\"wpr-button-text\">Neem een afspraak<\/span>\n\t\t\t\t\t\t\t\t\n\t\t\t\t\t\t\t<\/span>\n\t\t<\/a>\n\n\t\t\t\t<\/div>\n\t\n\t\n\t\t\t\t\t<\/div>\n\t\t\t\t<\/div>\n\t\t\t\t\t<\/div>\n\t\t<\/div>\n\t\t\t\t\t<\/div>\n\t\t<\/section>\n\t\t\t\t<section class=\"elementor-section elementor-top-section elementor-element elementor-element-5206d595 elementor-section-boxed elementor-section-height-default elementor-section-height-default wpr-particle-no wpr-jarallax-no wpr-parallax-no wpr-sticky-section-no\" data-id=\"5206d595\" data-element_type=\"section\" data-e-type=\"section\" data-settings=\"{&quot;background_background&quot;:&quot;classic&quot;}\">\n\t\t\t\t\t\t<div class=\"elementor-container elementor-column-gap-default\">\n\t\t\t\t\t<div class=\"elementor-column elementor-col-100 elementor-top-column elementor-element elementor-element-3fe1bfd1\" data-id=\"3fe1bfd1\" data-element_type=\"column\" data-e-type=\"column\">\n\t\t\t<div class=\"elementor-widget-wrap elementor-element-populated\">\n\t\t\t\t\t\t<div class=\"elementor-element elementor-element-730ac1a elementor-widget elementor-widget-google_maps\" data-id=\"730ac1a\" data-element_type=\"widget\" data-e-type=\"widget\" data-widget_type=\"google_maps.default\">\n\t\t\t\t<div class=\"elementor-widget-container\">\n\t\t\t\t\t\t\t<div class=\"elementor-custom-embed\">\n\t\t\t<iframe loading=\"lazy\"\n\t\t\t\t\tsrc=\"https:\/\/maps.google.com\/maps?q=kine%20sport%2C%20avenue%20marcel%20thiry%20180%20&#038;t=m&#038;z=13&#038;output=embed&#038;iwloc=near\"\n\t\t\t\t\ttitle=\"kine sport, avenue marcel thiry 180 \"\n\t\t\t\t\taria-label=\"kine sport, avenue marcel thiry 180 \"\n\t\t\t><\/iframe>\n\t\t<\/div>\n\t\t\t\t\t\t<\/div>\n\t\t\t\t<\/div>\n\t\t\t\t<div class=\"elementor-element elementor-element-457b412 elementor-widget elementor-widget-text-editor\" data-id=\"457b412\" data-element_type=\"widget\" data-e-type=\"widget\" data-widget_type=\"text-editor.default\">\n\t\t\t\t<div class=\"elementor-widget-container\">\n\t\t\t\t\t\t\t\t\t<p>Contact Us<\/p>\n\t\t\t\t\t\t\t\t<\/div>\n\t\t\t\t<\/div>\n\t\t\t\t<div class=\"elementor-element elementor-element-228bcc46 elementor-widget elementor-widget-heading\" data-id=\"228bcc46\" data-element_type=\"widget\" data-e-type=\"widget\" data-widget_type=\"heading.default\">\n\t\t\t\t<div class=\"elementor-widget-container\">\n\t\t\t\t\t<h3 class=\"elementor-heading-title elementor-size-default\">Make Your Dream<br> Come True<\/h3>\t\t\t\t<\/div>\n\t\t\t\t<\/div>\n\t\t\t\t\t<\/div>\n\t\t<\/div>\n\t\t\t\t\t<\/div>\n\t\t<\/section>\n\t\t\t\t<section class=\"elementor-section elementor-top-section elementor-element elementor-element-64b147f elementor-section-boxed elementor-section-height-default elementor-section-height-default wpr-particle-no wpr-jarallax-no wpr-parallax-no wpr-sticky-section-no\" data-id=\"64b147f\" data-element_type=\"section\" data-e-type=\"section\">\n\t\t\t\t\t\t<div class=\"elementor-container elementor-column-gap-default\">\n\t\t\t\t\t<div class=\"elementor-column elementor-col-100 elementor-top-column elementor-element elementor-element-2781f7b\" data-id=\"2781f7b\" data-element_type=\"column\" data-e-type=\"column\">\n\t\t\t<div class=\"elementor-widget-wrap\">\n\t\t\t\t\t\t\t<\/div>\n\t\t<\/div>\n\t\t\t\t\t<\/div>\n\t\t<\/section>\n\t\t\t\t<\/div>\n\t\t","protected":false},"excerpt":{"rendered":"<p>Maak een afspraak Ons team helpt u elke dag van de week van 7 tot 19 uur. Onze praktijk bevindt zich aan de Marcel Thirylaan 81 in Sint-Lambrechts-Woluwe. De eenvoudigste manier is om online een afspraak te maken nadat u uw dienst hebt gekozen. U ziet vervolgens alle therapeuten die voor u beschikbaar zijn. &nbsp; Si vous pr\u00e9f\u00e9rez prendre rendez-vous par t\u00e9l\u00e9phone, nous sommes joignable au 0493 44 00 33 &nbsp; Vous avez plus de questions ?\u00a0 Contactez-nous par mail \u00e0 info@kine-sport-brussels.be Neem een afspraak Contact Us Make Your Dream Come True<\/p>\n","protected":false},"author":1,"featured_media":0,"parent":0,"menu_order":0,"comment_status":"closed","ping_status":"closed","template":"","meta":{"_monsterinsights_skip_tracking":false,"_monsterinsights_sitenote_active":false,"_monsterinsights_sitenote_note":"","_monsterinsights_sitenote_category":0,"site-sidebar-layout":"no-sidebar","site-content-layout":"page-builder","ast-site-content-layout":"full-width-container","site-content-style":"default","site-sidebar-style":"default","ast-global-header-display":"","ast-banner-title-visibility":"","ast-main-header-display":"","ast-hfb-above-header-display":"","ast-hfb-below-header-display":"","ast-hfb-mobile-header-display":"","site-post-title":"disabled","ast-breadcrumbs-content":"","ast-featured-img":"disabled","footer-sml-layout":"","ast-disable-related-posts":"","theme-transparent-header-meta":"","adv-header-id-meta":"","stick-header-meta":"","header-above-stick-meta":"","header-main-stick-meta":"","header-below-stick-meta":"","astra-migrate-meta-layouts":"default","ast-page-background-enabled":"default","ast-page-background-meta":{"desktop":{"background-color":"var(--ast-global-color-4)","background-image":"","background-repeat":"repeat","background-position":"center center","background-size":"auto","background-attachment":"scroll","background-type":"","background-media":"","overlay-type":"","overlay-color":"","overlay-opacity":"","overlay-gradient":""},"tablet":{"background-color":"","background-image":"","background-repeat":"repeat","background-position":"center center","background-size":"auto","background-attachment":"scroll","background-type":"","background-media":"","overlay-type":"","overlay-color":"","overlay-opacity":"","overlay-gradient":""},"mobile":{"background-color":"","background-image":"","background-repeat":"repeat","background-position":"center center","background-size":"auto","background-attachment":"scroll","background-type":"","background-media":"","overlay-type":"","overlay-color":"","overlay-opacity":"","overlay-gradient":""}},"ast-content-background-meta":{"desktop":{"background-color":"var(--ast-global-color-5)","background-image":"","background-repeat":"repeat","background-position":"center center","background-size":"auto","background-attachment":"scroll","background-type":"","background-media":"","overlay-type":"","overlay-color":"","overlay-opacity":"","overlay-gradient":""},"tablet":{"background-color":"var(--ast-global-color-5)","background-image":"","background-repeat":"repeat","background-position":"center center","background-size":"auto","background-attachment":"scroll","background-type":"","background-media":"","overlay-type":"","overlay-color":"","overlay-opacity":"","overlay-gradient":""},"mobile":{"background-color":"var(--ast-global-color-5)","background-image":"","background-repeat":"repeat","background-position":"center center","background-size":"auto","background-attachment":"scroll","background-type":"","background-media":"","overlay-type":"","overlay-color":"","overlay-opacity":"","overlay-gradient":""}},"footnotes":""},"class_list":["post-11421","page","type-page","status-publish","hentry"],"yoast_head":"<!-- This site is optimized with the Yoast SEO plugin v27.3 - https:\/\/yoast.com\/product\/yoast-seo-wordpress\/ -->\n<title>Contact - Kin\u00e9sith\u00e9rapeute Sportif | Coach Sportif | Woluwe<\/title>\n<meta name=\"description\" content=\"Maak een afspraak Ons team helpt u elke dag van de week van 7 tot 19 uur. Onze praktijk bevindt zich aan de Marcel Thirylaan 81 in Sint-Lambrechts-Woluwe.\" \/>\n<meta name=\"robots\" content=\"index, follow, max-snippet:-1, max-image-preview:large, max-video-preview:-1\" \/>\n<link rel=\"canonical\" href=\"https:\/\/kine-sport-brussels.be\/rendez-vous-kinesitherapie\/\" \/>\n<meta property=\"og:locale\" content=\"nl_NL\" \/>\n<meta property=\"og:type\" content=\"article\" \/>\n<meta property=\"og:title\" content=\"Contact - Kin\u00e9sith\u00e9rapeute Sportif | Coach Sportif | Woluwe\" \/>\n<meta property=\"og:description\" content=\"Maak een afspraak Ons team helpt u elke dag van de week van 7 tot 19 uur. Onze praktijk bevindt zich aan de Marcel Thirylaan 81 in Sint-Lambrechts-Woluwe.\" \/>\n<meta property=\"og:url\" content=\"https:\/\/kine-sport-brussels.be\/rendez-vous-kinesitherapie\/\" \/>\n<meta property=\"og:site_name\" content=\"Kin\u00e9sith\u00e9rapeute Sportif | Coach Sportif | Woluwe\" \/>\n<meta property=\"article:publisher\" content=\"https:\/\/www.facebook.com\/KineSportBrussels\/\" \/>\n<meta property=\"article:modified_time\" content=\"2026-03-22T06:55:39+00:00\" \/>\n<meta property=\"og:image\" content=\"https:\/\/kine-sport-brussels.be\/wp-content\/uploads\/2019\/05\/logo-kin\u00e9-sport-brussels-2.png\" \/>\n\t<meta property=\"og:image:width\" content=\"1571\" \/>\n\t<meta property=\"og:image:height\" content=\"671\" \/>\n\t<meta property=\"og:image:type\" content=\"image\/png\" \/>\n<meta name=\"twitter:card\" content=\"summary_large_image\" \/>\n<script type=\"application\/ld+json\" class=\"yoast-schema-graph\">{\"@context\":\"https:\\\/\\\/schema.org\",\"@graph\":[{\"@type\":\"WebPage\",\"@id\":\"https:\\\/\\\/kine-sport-brussels.be\\\/rendez-vous-kinesitherapie\\\/\",\"url\":\"https:\\\/\\\/kine-sport-brussels.be\\\/rendez-vous-kinesitherapie\\\/\",\"name\":\"Contact - Kin\u00e9sith\u00e9rapeute Sportif | Coach Sportif | Woluwe\",\"isPartOf\":{\"@id\":\"https:\\\/\\\/kine-sport-brussels.be\\\/#website\"},\"datePublished\":\"2025-12-04T09:32:52+00:00\",\"dateModified\":\"2026-03-22T06:55:39+00:00\",\"description\":\"Maak een afspraak Ons team helpt u elke dag van de week van 7 tot 19 uur. Onze praktijk bevindt zich aan de Marcel Thirylaan 81 in Sint-Lambrechts-Woluwe.\",\"breadcrumb\":{\"@id\":\"https:\\\/\\\/kine-sport-brussels.be\\\/rendez-vous-kinesitherapie\\\/#breadcrumb\"},\"inLanguage\":\"nl-NL\",\"potentialAction\":[{\"@type\":\"ReadAction\",\"target\":[\"https:\\\/\\\/kine-sport-brussels.be\\\/rendez-vous-kinesitherapie\\\/\"]}]},{\"@type\":\"BreadcrumbList\",\"@id\":\"https:\\\/\\\/kine-sport-brussels.be\\\/rendez-vous-kinesitherapie\\\/#breadcrumb\",\"itemListElement\":[{\"@type\":\"ListItem\",\"position\":1,\"name\":\"Accueil\",\"item\":\"https:\\\/\\\/kine-sport-brussels.be\\\/\"},{\"@type\":\"ListItem\",\"position\":2,\"name\":\"Contact\"}]},{\"@type\":\"WebSite\",\"@id\":\"https:\\\/\\\/kine-sport-brussels.be\\\/#website\",\"url\":\"https:\\\/\\\/kine-sport-brussels.be\\\/\",\"name\":\"Kin\u00e9sith\u00e9rapeute Sportif | Coach Sportif | Woluwe\",\"description\":\"Chaque blessure est vue comme une chance de s&#039;am\u00e9liorer. Hernie discale, lumbago, ligament crois\u00e9 ...\",\"publisher\":{\"@id\":\"https:\\\/\\\/kine-sport-brussels.be\\\/#organization\"},\"potentialAction\":[{\"@type\":\"SearchAction\",\"target\":{\"@type\":\"EntryPoint\",\"urlTemplate\":\"https:\\\/\\\/kine-sport-brussels.be\\\/?s={search_term_string}\"},\"query-input\":{\"@type\":\"PropertyValueSpecification\",\"valueRequired\":true,\"valueName\":\"search_term_string\"}}],\"inLanguage\":\"nl-NL\"},{\"@type\":\"Organization\",\"@id\":\"https:\\\/\\\/kine-sport-brussels.be\\\/#organization\",\"name\":\"Kine Sport Brussels\",\"url\":\"https:\\\/\\\/kine-sport-brussels.be\\\/\",\"logo\":{\"@type\":\"ImageObject\",\"inLanguage\":\"nl-NL\",\"@id\":\"https:\\\/\\\/kine-sport-brussels.be\\\/#\\\/schema\\\/logo\\\/image\\\/\",\"url\":\"https:\\\/\\\/kine-sport-brussels.be\\\/wp-content\\\/uploads\\\/2023\\\/04\\\/cropped-cropped-Logo-cercle-1.png\",\"contentUrl\":\"https:\\\/\\\/kine-sport-brussels.be\\\/wp-content\\\/uploads\\\/2023\\\/04\\\/cropped-cropped-Logo-cercle-1.png\",\"width\":250,\"height\":250,\"caption\":\"Kine Sport Brussels\"},\"image\":{\"@id\":\"https:\\\/\\\/kine-sport-brussels.be\\\/#\\\/schema\\\/logo\\\/image\\\/\"},\"sameAs\":[\"https:\\\/\\\/www.facebook.com\\\/KineSportBrussels\\\/\",\"http:\\\/\\\/www.instagram.com\\\/kinesportbrussels\"]}]}<\/script>\n<!-- \/ Yoast SEO plugin. -->","yoast_head_json":{"title":"Contact - Kin\u00e9sith\u00e9rapeute Sportif | Coach Sportif | Woluwe","description":"Maak een afspraak Ons team helpt u elke dag van de week van 7 tot 19 uur. Onze praktijk bevindt zich aan de Marcel Thirylaan 81 in Sint-Lambrechts-Woluwe.","robots":{"index":"index","follow":"follow","max-snippet":"max-snippet:-1","max-image-preview":"max-image-preview:large","max-video-preview":"max-video-preview:-1"},"canonical":"https:\/\/kine-sport-brussels.be\/rendez-vous-kinesitherapie\/","og_locale":"nl_NL","og_type":"article","og_title":"Contact - Kin\u00e9sith\u00e9rapeute Sportif | Coach Sportif | Woluwe","og_description":"Maak een afspraak Ons team helpt u elke dag van de week van 7 tot 19 uur. Onze praktijk bevindt zich aan de Marcel Thirylaan 81 in Sint-Lambrechts-Woluwe.","og_url":"https:\/\/kine-sport-brussels.be\/rendez-vous-kinesitherapie\/","og_site_name":"Kin\u00e9sith\u00e9rapeute Sportif | Coach Sportif | Woluwe","article_publisher":"https:\/\/www.facebook.com\/KineSportBrussels\/","article_modified_time":"2026-03-22T06:55:39+00:00","og_image":[{"width":1571,"height":671,"url":"https:\/\/kine-sport-brussels.be\/wp-content\/uploads\/2019\/05\/logo-kin\u00e9-sport-brussels-2.png","type":"image\/png"}],"twitter_card":"summary_large_image","schema":{"@context":"https:\/\/schema.org","@graph":[{"@type":"WebPage","@id":"https:\/\/kine-sport-brussels.be\/rendez-vous-kinesitherapie\/","url":"https:\/\/kine-sport-brussels.be\/rendez-vous-kinesitherapie\/","name":"Contact - Kin\u00e9sith\u00e9rapeute Sportif | Coach Sportif | Woluwe","isPartOf":{"@id":"https:\/\/kine-sport-brussels.be\/#website"},"datePublished":"2025-12-04T09:32:52+00:00","dateModified":"2026-03-22T06:55:39+00:00","description":"Maak een afspraak Ons team helpt u elke dag van de week van 7 tot 19 uur. Onze praktijk bevindt zich aan de Marcel Thirylaan 81 in Sint-Lambrechts-Woluwe.","breadcrumb":{"@id":"https:\/\/kine-sport-brussels.be\/rendez-vous-kinesitherapie\/#breadcrumb"},"inLanguage":"nl-NL","potentialAction":[{"@type":"ReadAction","target":["https:\/\/kine-sport-brussels.be\/rendez-vous-kinesitherapie\/"]}]},{"@type":"BreadcrumbList","@id":"https:\/\/kine-sport-brussels.be\/rendez-vous-kinesitherapie\/#breadcrumb","itemListElement":[{"@type":"ListItem","position":1,"name":"Accueil","item":"https:\/\/kine-sport-brussels.be\/"},{"@type":"ListItem","position":2,"name":"Contact"}]},{"@type":"WebSite","@id":"https:\/\/kine-sport-brussels.be\/#website","url":"https:\/\/kine-sport-brussels.be\/","name":"Kin\u00e9sith\u00e9rapeute Sportif | Coach Sportif | Woluwe","description":"Chaque blessure est vue comme une chance de s&#039;am\u00e9liorer. Hernie discale, lumbago, ligament crois\u00e9 ...","publisher":{"@id":"https:\/\/kine-sport-brussels.be\/#organization"},"potentialAction":[{"@type":"SearchAction","target":{"@type":"EntryPoint","urlTemplate":"https:\/\/kine-sport-brussels.be\/?s={search_term_string}"},"query-input":{"@type":"PropertyValueSpecification","valueRequired":true,"valueName":"search_term_string"}}],"inLanguage":"nl-NL"},{"@type":"Organization","@id":"https:\/\/kine-sport-brussels.be\/#organization","name":"Kine Sport Brussels","url":"https:\/\/kine-sport-brussels.be\/","logo":{"@type":"ImageObject","inLanguage":"nl-NL","@id":"https:\/\/kine-sport-brussels.be\/#\/schema\/logo\/image\/","url":"https:\/\/kine-sport-brussels.be\/wp-content\/uploads\/2023\/04\/cropped-cropped-Logo-cercle-1.png","contentUrl":"https:\/\/kine-sport-brussels.be\/wp-content\/uploads\/2023\/04\/cropped-cropped-Logo-cercle-1.png","width":250,"height":250,"caption":"Kine Sport Brussels"},"image":{"@id":"https:\/\/kine-sport-brussels.be\/#\/schema\/logo\/image\/"},"sameAs":["https:\/\/www.facebook.com\/KineSportBrussels\/","http:\/\/www.instagram.com\/kinesportbrussels"]}]}},"_links":{"self":[{"href":"https:\/\/kine-sport-brussels.be\/nl\/wp-json\/wp\/v2\/pages\/11421","targetHints":{"allow":["GET"]}}],"collection":[{"href":"https:\/\/kine-sport-brussels.be\/nl\/wp-json\/wp\/v2\/pages"}],"about":[{"href":"https:\/\/kine-sport-brussels.be\/nl\/wp-json\/wp\/v2\/types\/page"}],"author":[{"embeddable":true,"href":"https:\/\/kine-sport-brussels.be\/nl\/wp-json\/wp\/v2\/users\/1"}],"replies":[{"embeddable":true,"href":"https:\/\/kine-sport-brussels.be\/nl\/wp-json\/wp\/v2\/comments?post=11421"}],"version-history":[{"count":3,"href":"https:\/\/kine-sport-brussels.be\/nl\/wp-json\/wp\/v2\/pages\/11421\/revisions"}],"predecessor-version":[{"id":11471,"href":"https:\/\/kine-sport-brussels.be\/nl\/wp-json\/wp\/v2\/pages\/11421\/revisions\/11471"}],"wp:attachment":[{"href":"https:\/\/kine-sport-brussels.be\/nl\/wp-json\/wp\/v2\/media?parent=11421"}],"curies":[{"name":"wp","href":"https:\/\/api.w.org\/{rel}","templated":true}]}}